{"id":128606,"date":"2024-02-18T23:04:58","date_gmt":"2024-02-18T22:04:58","guid":{"rendered":"https:\/\/www.borinprodottiveneti.com\/product\/gold-aus-artischocken-und-schwarzem-trueffel_-creme-100-g\/"},"modified":"2026-05-11T17:20:39","modified_gmt":"2026-05-11T15:20:39","slug":"gold-aus-artischocken-und-schwarzem-trueffel_-creme-100-g","status":"publish","type":"product","link":"https:\/\/www.borinprodottiveneti.com\/de\/produkt\/gold-aus-artischocken-und-schwarzem-trueffel_-creme-100-g\/","title":{"rendered":"GOLD aus Artischocken und schwarzem Tr\u00fcffel_ Creme 100 g"},"content":{"rendered":"<div class=\"page\" title=\"Seite 5\">\n<div class=\"section\">\n<div class=\"layoutArea\">\n<div class=\"column\">\n<p>&nbsp;<\/p>\n<\/div>\n<\/div>\n<div class=\"layoutArea\">\n<div class=\"column\">\n<p><strong>Zutaten:<\/strong><\/p>\n<p><span class=\"Apple-converted-space\">S<\/span>chwarzer Tr\u00fcffel<b> <\/b>(Tuber mesentericum 30%), Artischocken, natives Oliven\u00f6l extra<\/p>\n<p>OHNE ZUSATZ VON AROMEN<\/p>\n<p>AUF BESTELLUNG<\/p>\n<\/div>\n<\/div>\n<\/div>\n<\/div>\n","protected":false},"excerpt":{"rendered":"<p>&nbsp; Zutaten: Schwarzer Tr\u00fcffel (Tuber mesentericum 30%), Artischocken, natives Oliven\u00f6l extra OHNE ZUSATZ VON AROMEN AUF BESTELLUNG<\/p>\n","protected":false},"featured_media":127674,"comment_status":"open","ping_status":"closed","template":"","meta":{"_tbt_post_transparent":"","_tbt_post_title":"","_tbt_post_layout":"","_tbt_post_sidebar_id":"","_tbt_post_content_style":"","_tbt_post_vertical_padding":"","_tbt_post_feature":"","_tbt_post_feature_position":"","_tbt_post_header":false,"_tbt_post_footer":false},"product_brand":[],"product_cat":[179],"product_tag":[],"class_list":{"0":"post-128606","1":"product","2":"type-product","3":"status-publish","4":"has-post-thumbnail","6":"product_cat-truffel","8":"first","9":"onbackorder","10":"taxable","11":"shipping-taxable","12":"purchasable","13":"product-type-simple","14":"entry","15":"content-bg","16":"loop-entry"},"yoast_head":"<!-- This site is optimized with the Yoast SEO plugin v27.5 - https:\/\/yoast.com\/product\/yoast-seo-wordpress\/ -->\n<title>GOLD aus Artischocken und schwarzem Tr\u00fcffel_ Creme 100 g - Borin Prodotti Veneti<\/title>\n<meta name=\"robots\" content=\"index, follow, max-snippet:-1, max-image-preview:large, max-video-preview:-1\" \/>\n<link rel=\"canonical\" href=\"https:\/\/www.borinprodottiveneti.com\/de\/produkt\/gold-aus-artischocken-und-schwarzem-trueffel_-creme-100-g\/\" \/>\n<meta property=\"og:locale\" content=\"de_DE\" \/>\n<meta property=\"og:type\" content=\"article\" \/>\n<meta property=\"og:title\" content=\"GOLD aus Artischocken und schwarzem Tr\u00fcffel_ Creme 100 g - Borin Prodotti Veneti\" \/>\n<meta property=\"og:description\" content=\"&nbsp; Zutaten: Schwarzer Tr\u00fcffel (Tuber mesentericum 30%), Artischocken, natives Oliven\u00f6l extra OHNE ZUSATZ VON AROMEN AUF BESTELLUNG\" \/>\n<meta property=\"og:url\" content=\"https:\/\/www.borinprodottiveneti.com\/de\/produkt\/gold-aus-artischocken-und-schwarzem-trueffel_-creme-100-g\/\" \/>\n<meta property=\"og:site_name\" content=\"Borin Prodotti Veneti\" \/>\n<meta property=\"article:publisher\" content=\"https:\/\/www.facebook.com\/BorinProdottiVeneti\/\" \/>\n<meta property=\"article:modified_time\" content=\"2026-05-11T15:20:39+00:00\" \/>\n<meta property=\"og:image\" content=\"https:\/\/www.borinprodottiveneti.com\/wp-content\/uploads\/2024\/02\/IMG_1737-3.jpg\" \/>\n\t<meta property=\"og:image:width\" content=\"2160\" \/>\n\t<meta property=\"og:image:height\" content=\"2160\" \/>\n\t<meta property=\"og:image:type\" content=\"image\/jpeg\" \/>\n<meta name=\"twitter:card\" content=\"summary_large_image\" \/>\n<script type=\"application\/ld+json\" class=\"yoast-schema-graph\">{\"@context\":\"https:\\\/\\\/schema.org\",\"@graph\":[{\"@type\":\"WebPage\",\"@id\":\"https:\\\/\\\/www.borinprodottiveneti.com\\\/de\\\/produkt\\\/gold-aus-artischocken-und-schwarzem-trueffel_-creme-100-g\\\/\",\"url\":\"https:\\\/\\\/www.borinprodottiveneti.com\\\/de\\\/produkt\\\/gold-aus-artischocken-und-schwarzem-trueffel_-creme-100-g\\\/\",\"name\":\"GOLD aus Artischocken und schwarzem Tr\u00fcffel_ Creme 100 g - Borin Prodotti Veneti\",\"isPartOf\":{\"@id\":\"https:\\\/\\\/www.borinprodottiveneti.com\\\/de\\\/#website\"},\"primaryImageOfPage\":{\"@id\":\"https:\\\/\\\/www.borinprodottiveneti.com\\\/de\\\/produkt\\\/gold-aus-artischocken-und-schwarzem-trueffel_-creme-100-g\\\/#primaryimage\"},\"image\":{\"@id\":\"https:\\\/\\\/www.borinprodottiveneti.com\\\/de\\\/produkt\\\/gold-aus-artischocken-und-schwarzem-trueffel_-creme-100-g\\\/#primaryimage\"},\"thumbnailUrl\":\"https:\\\/\\\/www.borinprodottiveneti.com\\\/wp-content\\\/uploads\\\/2024\\\/02\\\/IMG_1737-3.jpg\",\"datePublished\":\"2024-02-18T22:04:58+00:00\",\"dateModified\":\"2026-05-11T15:20:39+00:00\",\"breadcrumb\":{\"@id\":\"https:\\\/\\\/www.borinprodottiveneti.com\\\/de\\\/produkt\\\/gold-aus-artischocken-und-schwarzem-trueffel_-creme-100-g\\\/#breadcrumb\"},\"inLanguage\":\"de\",\"potentialAction\":[{\"@type\":\"ReadAction\",\"target\":[\"https:\\\/\\\/www.borinprodottiveneti.com\\\/de\\\/produkt\\\/gold-aus-artischocken-und-schwarzem-trueffel_-creme-100-g\\\/\"]}]},{\"@type\":\"ImageObject\",\"inLanguage\":\"de\",\"@id\":\"https:\\\/\\\/www.borinprodottiveneti.com\\\/de\\\/produkt\\\/gold-aus-artischocken-und-schwarzem-trueffel_-creme-100-g\\\/#primaryimage\",\"url\":\"https:\\\/\\\/www.borinprodottiveneti.com\\\/wp-content\\\/uploads\\\/2024\\\/02\\\/IMG_1737-3.jpg\",\"contentUrl\":\"https:\\\/\\\/www.borinprodottiveneti.com\\\/wp-content\\\/uploads\\\/2024\\\/02\\\/IMG_1737-3.jpg\",\"width\":2160,\"height\":2160,\"caption\":\"Cr\u00e8me d\u2019artichauts et truffe noire\"},{\"@type\":\"BreadcrumbList\",\"@id\":\"https:\\\/\\\/www.borinprodottiveneti.com\\\/de\\\/produkt\\\/gold-aus-artischocken-und-schwarzem-trueffel_-creme-100-g\\\/#breadcrumb\",\"itemListElement\":[{\"@type\":\"ListItem\",\"position\":1,\"name\":\"Startseite\",\"item\":\"https:\\\/\\\/www.borinprodottiveneti.com\\\/de\\\/home\\\/\"},{\"@type\":\"ListItem\",\"position\":2,\"name\":\"Produkte\",\"item\":\"https:\\\/\\\/www.borinprodottiveneti.com\\\/de\\\/shop\\\/\"},{\"@type\":\"ListItem\",\"position\":3,\"name\":\"GOLD aus Artischocken und schwarzem Tr\u00fcffel_ Creme 100 g\"}]},{\"@type\":\"WebSite\",\"@id\":\"https:\\\/\\\/www.borinprodottiveneti.com\\\/de\\\/#website\",\"url\":\"https:\\\/\\\/www.borinprodottiveneti.com\\\/de\\\/\",\"name\":\"Borin Prodotti Veneti\",\"description\":\"\",\"publisher\":{\"@id\":\"https:\\\/\\\/www.borinprodottiveneti.com\\\/de\\\/#organization\"},\"potentialAction\":[{\"@type\":\"SearchAction\",\"target\":{\"@type\":\"EntryPoint\",\"urlTemplate\":\"https:\\\/\\\/www.borinprodottiveneti.com\\\/de\\\/?s={search_term_string}\"},\"query-input\":{\"@type\":\"PropertyValueSpecification\",\"valueRequired\":true,\"valueName\":\"search_term_string\"}}],\"inLanguage\":\"de\"},{\"@type\":\"Organization\",\"@id\":\"https:\\\/\\\/www.borinprodottiveneti.com\\\/de\\\/#organization\",\"name\":\"Borin Prodotti Veneti\",\"url\":\"https:\\\/\\\/www.borinprodottiveneti.com\\\/de\\\/\",\"logo\":{\"@type\":\"ImageObject\",\"inLanguage\":\"de\",\"@id\":\"https:\\\/\\\/www.borinprodottiveneti.com\\\/de\\\/#\\\/schema\\\/logo\\\/image\\\/\",\"url\":\"https:\\\/\\\/www.borinprodottiveneti.com\\\/wp-content\\\/uploads\\\/2024\\\/01\\\/logo_borin-Invert.png\",\"contentUrl\":\"https:\\\/\\\/www.borinprodottiveneti.com\\\/wp-content\\\/uploads\\\/2024\\\/01\\\/logo_borin-Invert.png\",\"width\":400,\"height\":177,\"caption\":\"Borin Prodotti Veneti\"},\"image\":{\"@id\":\"https:\\\/\\\/www.borinprodottiveneti.com\\\/de\\\/#\\\/schema\\\/logo\\\/image\\\/\"},\"sameAs\":[\"https:\\\/\\\/www.facebook.com\\\/BorinProdottiVeneti\\\/\",\"https:\\\/\\\/www.instagram.com\\\/borin.prodotti_veneti\\\/\",\"https:\\\/\\\/www.linkedin.com\\\/company\\\/borin-prodotti-veneti\\\/\"]}]}<\/script>\n<!-- \/ Yoast SEO plugin. -->","yoast_head_json":{"title":"GOLD aus Artischocken und schwarzem Tr\u00fcffel_ Creme 100 g - Borin Prodotti Veneti","robots":{"index":"index","follow":"follow","max-snippet":"max-snippet:-1","max-image-preview":"max-image-preview:large","max-video-preview":"max-video-preview:-1"},"canonical":"https:\/\/www.borinprodottiveneti.com\/de\/produkt\/gold-aus-artischocken-und-schwarzem-trueffel_-creme-100-g\/","og_locale":"de_DE","og_type":"article","og_title":"GOLD aus Artischocken und schwarzem Tr\u00fcffel_ Creme 100 g - Borin Prodotti Veneti","og_description":"&nbsp; Zutaten: Schwarzer Tr\u00fcffel (Tuber mesentericum 30%), Artischocken, natives Oliven\u00f6l extra OHNE ZUSATZ VON AROMEN AUF BESTELLUNG","og_url":"https:\/\/www.borinprodottiveneti.com\/de\/produkt\/gold-aus-artischocken-und-schwarzem-trueffel_-creme-100-g\/","og_site_name":"Borin Prodotti Veneti","article_publisher":"https:\/\/www.facebook.com\/BorinProdottiVeneti\/","article_modified_time":"2026-05-11T15:20:39+00:00","og_image":[{"width":2160,"height":2160,"url":"https:\/\/www.borinprodottiveneti.com\/wp-content\/uploads\/2024\/02\/IMG_1737-3.jpg","type":"image\/jpeg"}],"twitter_card":"summary_large_image","schema":{"@context":"https:\/\/schema.org","@graph":[{"@type":"WebPage","@id":"https:\/\/www.borinprodottiveneti.com\/de\/produkt\/gold-aus-artischocken-und-schwarzem-trueffel_-creme-100-g\/","url":"https:\/\/www.borinprodottiveneti.com\/de\/produkt\/gold-aus-artischocken-und-schwarzem-trueffel_-creme-100-g\/","name":"GOLD aus Artischocken und schwarzem Tr\u00fcffel_ Creme 100 g - Borin Prodotti Veneti","isPartOf":{"@id":"https:\/\/www.borinprodottiveneti.com\/de\/#website"},"primaryImageOfPage":{"@id":"https:\/\/www.borinprodottiveneti.com\/de\/produkt\/gold-aus-artischocken-und-schwarzem-trueffel_-creme-100-g\/#primaryimage"},"image":{"@id":"https:\/\/www.borinprodottiveneti.com\/de\/produkt\/gold-aus-artischocken-und-schwarzem-trueffel_-creme-100-g\/#primaryimage"},"thumbnailUrl":"https:\/\/www.borinprodottiveneti.com\/wp-content\/uploads\/2024\/02\/IMG_1737-3.jpg","datePublished":"2024-02-18T22:04:58+00:00","dateModified":"2026-05-11T15:20:39+00:00","breadcrumb":{"@id":"https:\/\/www.borinprodottiveneti.com\/de\/produkt\/gold-aus-artischocken-und-schwarzem-trueffel_-creme-100-g\/#breadcrumb"},"inLanguage":"de","potentialAction":[{"@type":"ReadAction","target":["https:\/\/www.borinprodottiveneti.com\/de\/produkt\/gold-aus-artischocken-und-schwarzem-trueffel_-creme-100-g\/"]}]},{"@type":"ImageObject","inLanguage":"de","@id":"https:\/\/www.borinprodottiveneti.com\/de\/produkt\/gold-aus-artischocken-und-schwarzem-trueffel_-creme-100-g\/#primaryimage","url":"https:\/\/www.borinprodottiveneti.com\/wp-content\/uploads\/2024\/02\/IMG_1737-3.jpg","contentUrl":"https:\/\/www.borinprodottiveneti.com\/wp-content\/uploads\/2024\/02\/IMG_1737-3.jpg","width":2160,"height":2160,"caption":"Cr\u00e8me d\u2019artichauts et truffe noire"},{"@type":"BreadcrumbList","@id":"https:\/\/www.borinprodottiveneti.com\/de\/produkt\/gold-aus-artischocken-und-schwarzem-trueffel_-creme-100-g\/#breadcrumb","itemListElement":[{"@type":"ListItem","position":1,"name":"Startseite","item":"https:\/\/www.borinprodottiveneti.com\/de\/home\/"},{"@type":"ListItem","position":2,"name":"Produkte","item":"https:\/\/www.borinprodottiveneti.com\/de\/shop\/"},{"@type":"ListItem","position":3,"name":"GOLD aus Artischocken und schwarzem Tr\u00fcffel_ Creme 100 g"}]},{"@type":"WebSite","@id":"https:\/\/www.borinprodottiveneti.com\/de\/#website","url":"https:\/\/www.borinprodottiveneti.com\/de\/","name":"Borin Prodotti Veneti","description":"","publisher":{"@id":"https:\/\/www.borinprodottiveneti.com\/de\/#organization"},"potentialAction":[{"@type":"SearchAction","target":{"@type":"EntryPoint","urlTemplate":"https:\/\/www.borinprodottiveneti.com\/de\/?s={search_term_string}"},"query-input":{"@type":"PropertyValueSpecification","valueRequired":true,"valueName":"search_term_string"}}],"inLanguage":"de"},{"@type":"Organization","@id":"https:\/\/www.borinprodottiveneti.com\/de\/#organization","name":"Borin Prodotti Veneti","url":"https:\/\/www.borinprodottiveneti.com\/de\/","logo":{"@type":"ImageObject","inLanguage":"de","@id":"https:\/\/www.borinprodottiveneti.com\/de\/#\/schema\/logo\/image\/","url":"https:\/\/www.borinprodottiveneti.com\/wp-content\/uploads\/2024\/01\/logo_borin-Invert.png","contentUrl":"https:\/\/www.borinprodottiveneti.com\/wp-content\/uploads\/2024\/01\/logo_borin-Invert.png","width":400,"height":177,"caption":"Borin Prodotti Veneti"},"image":{"@id":"https:\/\/www.borinprodottiveneti.com\/de\/#\/schema\/logo\/image\/"},"sameAs":["https:\/\/www.facebook.com\/BorinProdottiVeneti\/","https:\/\/www.instagram.com\/borin.prodotti_veneti\/","https:\/\/www.linkedin.com\/company\/borin-prodotti-veneti\/"]}]}},"jetpack_sharing_enabled":true,"_links":{"self":[{"href":"https:\/\/www.borinprodottiveneti.com\/de\/wp-json\/wp\/v2\/product\/128606","targetHints":{"allow":["GET"]}}],"collection":[{"href":"https:\/\/www.borinprodottiveneti.com\/de\/wp-json\/wp\/v2\/product"}],"about":[{"href":"https:\/\/www.borinprodottiveneti.com\/de\/wp-json\/wp\/v2\/types\/product"}],"replies":[{"embeddable":true,"href":"https:\/\/www.borinprodottiveneti.com\/de\/wp-json\/wp\/v2\/comments?post=128606"}],"version-history":[{"count":0,"href":"https:\/\/www.borinprodottiveneti.com\/de\/wp-json\/wp\/v2\/product\/128606\/revisions"}],"wp:featuredmedia":[{"embeddable":true,"href":"https:\/\/www.borinprodottiveneti.com\/de\/wp-json\/wp\/v2\/media\/127674"}],"wp:attachment":[{"href":"https:\/\/www.borinprodottiveneti.com\/de\/wp-json\/wp\/v2\/media?parent=128606"}],"wp:term":[{"taxonomy":"product_brand","embeddable":true,"href":"https:\/\/www.borinprodottiveneti.com\/de\/wp-json\/wp\/v2\/product_brand?post=128606"},{"taxonomy":"product_cat","embeddable":true,"href":"https:\/\/www.borinprodottiveneti.com\/de\/wp-json\/wp\/v2\/product_cat?post=128606"},{"taxonomy":"product_tag","embeddable":true,"href":"https:\/\/www.borinprodottiveneti.com\/de\/wp-json\/wp\/v2\/product_tag?post=128606"}],"curies":[{"name":"wp","href":"https:\/\/api.w.org\/{rel}","templated":true}]}}