{"id":128567,"date":"2024-02-17T16:50:39","date_gmt":"2024-02-17T15:50:39","guid":{"rendered":"https:\/\/www.borinprodottiveneti.com\/product\/trueffelcreme-crema-di-tartufo-85-gr\/"},"modified":"2024-02-17T16:50:39","modified_gmt":"2024-02-17T15:50:39","slug":"trueffelcreme-crema-di-tartufo-85-gr","status":"publish","type":"product","link":"https:\/\/www.borinprodottiveneti.com\/de\/produkt\/trueffelcreme-crema-di-tartufo-85-gr\/","title":{"rendered":"Tr\u00fcffelcreme \/ Crema di tartufo 85 gr"},"content":{"rendered":"<div class=\"title-subtitle-box \" style=\"text-align: left;\">\n<h1 style=\"font-style: normal;\">Tr\u00fcffelcreme \/ Crema di tartufo<\/h1>\n<\/div>\n<p><span style=\"font-family: var(--global-body-font-family); letter-spacing: 0.3px;\">K\u00fchl und lichtgesch\u00fctzt lagern. Nach dem \u00d6ffnen im K\u00fchlschrank 1 bis 2 Wochen haltbar; die Tr\u00fcffel stets mit Oliven\u00f6l bedeckt halten. <\/span><\/p>\n<div id=\"description-produit\">\n<p><strong>Zutaten<\/strong>:<\/p>\n<p>Schwarze Tr\u00fcffel (75 %), Oliven\u00f6l, Zitronensaft, Salz, Aromen<\/p>\n<\/div>\n<div id=\"desc-attributes\">\n<table id=\"table-attributes\" class=\"woocommerce-product-attributes shop_attributes\">\n<tbody>\n<tr class=\"woocommerce-product-attributes-item woocommerce-product-attributes-item--attribute_valeurs-moyennes-pour\">\n<th class=\"woocommerce-product-attributes-item__label\">DURCHSCHNITTLICHE N\u00c4HRWERTE PRO<\/th>\n<td class=\"woocommerce-product-attributes-item__value\">100 g<\/td>\n<\/tr>\n<tr class=\"woocommerce-product-attributes-item woocommerce-product-attributes-item--attribute_valeurs-energetiques\">\n<th class=\"woocommerce-product-attributes-item__label\">Brennwert<\/th>\n<td class=\"woocommerce-product-attributes-item__value\">215 Kcal \/ 555 KJ<\/td>\n<\/tr>\n<tr class=\"woocommerce-product-attributes-item woocommerce-product-attributes-item--attribute_lipides\">\n<th class=\"woocommerce-product-attributes-item__label\">Fett<\/th>\n<td class=\"woocommerce-product-attributes-item__value\">20,3 gr<\/td>\n<\/tr>\n<tr class=\"woocommerce-product-attributes-item woocommerce-product-attributes-item--attribute_dont-satures\">\n<th class=\"woocommerce-product-attributes-item__label\">davon ges\u00e4ttigte Fetts\u00e4uren<\/th>\n<td class=\"woocommerce-product-attributes-item__value\">2,75 gr<\/td>\n<\/tr>\n<tr class=\"woocommerce-product-attributes-item woocommerce-product-attributes-item--attribute_glucides\">\n<th class=\"woocommerce-product-attributes-item__label\">Kohlenhydrate<\/th>\n<td class=\"woocommerce-product-attributes-item__value\">0,57 gr<\/td>\n<\/tr>\n<tr class=\"woocommerce-product-attributes-item woocommerce-product-attributes-item--attribute_dont-sucres\">\n<th class=\"woocommerce-product-attributes-item__label\">davon Zucker<\/th>\n<td class=\"woocommerce-product-attributes-item__value\">0,57 gr<\/td>\n<\/tr>\n<tr class=\"woocommerce-product-attributes-item woocommerce-product-attributes-item--attribute_fibres\">\n<th class=\"woocommerce-product-attributes-item__label\">Ballaststoffe<\/th>\n<td class=\"woocommerce-product-attributes-item__value\">6,30 gr<\/td>\n<\/tr>\n<tr class=\"woocommerce-product-attributes-item woocommerce-product-attributes-item--attribute_proteines\">\n<th class=\"woocommerce-product-attributes-item__label\">Eiwei\u00df<\/th>\n<td class=\"woocommerce-product-attributes-item__value\">4,51 gr<\/td>\n<\/tr>\n<tr class=\"woocommerce-product-attributes-item woocommerce-product-attributes-item--attribute_sel\">\n<th class=\"woocommerce-product-attributes-item__label\">Salz<\/th>\n<td class=\"woocommerce-product-attributes-item__value\">1,78 gr<\/td>\n<\/tr>\n<\/tbody>\n<\/table>\n<\/div>\n<p>&nbsp;<\/p>\n","protected":false},"excerpt":{"rendered":"<p>Tr\u00fcffelcreme \/ Crema di tartufo K\u00fchl und lichtgesch\u00fctzt lagern. Nach dem \u00d6ffnen im K\u00fchlschrank 1 bis 2 Wochen haltbar; die Tr\u00fcffel stets mit Oliven\u00f6l bedeckt halten. Zutaten: Schwarze Tr\u00fcffel (75 %), Oliven\u00f6l, Zitronensaft, Salz, Aromen DURCHSCHNITTLICHE N\u00c4HRWERTE PRO 100 g Brennwert 215 Kcal \/ 555 KJ Fett 20,3 gr davon ges\u00e4ttigte Fetts\u00e4uren 2,75 gr Kohlenhydrate&#8230;<\/p>\n","protected":false},"featured_media":127624,"comment_status":"open","ping_status":"closed","template":"","meta":{"_tbt_post_transparent":"","_tbt_post_title":"","_tbt_post_layout":"","_tbt_post_sidebar_id":"","_tbt_post_content_style":"","_tbt_post_vertical_padding":"","_tbt_post_feature":"","_tbt_post_feature_position":"","_tbt_post_header":false,"_tbt_post_footer":false},"product_brand":[],"product_cat":[179],"product_tag":[],"class_list":{"0":"post-128567","1":"product","2":"type-product","3":"status-publish","4":"has-post-thumbnail","6":"product_cat-truffel","8":"first","9":"instock","10":"taxable","11":"shipping-taxable","12":"purchasable","13":"product-type-simple","14":"entry","15":"content-bg","16":"loop-entry"},"yoast_head":"<!-- This site is optimized with the Yoast SEO plugin v26.9 - https:\/\/yoast.com\/product\/yoast-seo-wordpress\/ -->\n<title>Tr\u00fcffelcreme \/ Crema di tartufo 85 gr - Borin Prodotti Veneti<\/title>\n<meta name=\"robots\" content=\"index, follow, max-snippet:-1, max-image-preview:large, max-video-preview:-1\" \/>\n<link rel=\"canonical\" href=\"https:\/\/www.borinprodottiveneti.com\/de\/produkt\/trueffelcreme-crema-di-tartufo-85-gr\/\" \/>\n<meta property=\"og:locale\" content=\"de_DE\" \/>\n<meta property=\"og:type\" content=\"article\" \/>\n<meta property=\"og:title\" content=\"Tr\u00fcffelcreme \/ Crema di tartufo 85 gr - Borin Prodotti Veneti\" \/>\n<meta property=\"og:description\" content=\"Tr\u00fcffelcreme \/ Crema di tartufo K\u00fchl und lichtgesch\u00fctzt lagern. Nach dem \u00d6ffnen im K\u00fchlschrank 1 bis 2 Wochen haltbar; die Tr\u00fcffel stets mit Oliven\u00f6l bedeckt halten. Zutaten: Schwarze Tr\u00fcffel (75 %), Oliven\u00f6l, Zitronensaft, Salz, Aromen DURCHSCHNITTLICHE N\u00c4HRWERTE PRO 100 g Brennwert 215 Kcal \/ 555 KJ Fett 20,3 gr davon ges\u00e4ttigte Fetts\u00e4uren 2,75 gr Kohlenhydrate...\" \/>\n<meta property=\"og:url\" content=\"https:\/\/www.borinprodottiveneti.com\/de\/produkt\/trueffelcreme-crema-di-tartufo-85-gr\/\" \/>\n<meta property=\"og:site_name\" content=\"Borin Prodotti Veneti\" \/>\n<meta property=\"article:publisher\" content=\"https:\/\/www.facebook.com\/BorinProdottiVeneti\/\" \/>\n<meta property=\"og:image\" content=\"https:\/\/www.borinprodottiveneti.com\/wp-content\/uploads\/2024\/02\/Capture-decran-2022-08-14-a-11.40.59.png\" \/>\n\t<meta property=\"og:image:width\" content=\"424\" \/>\n\t<meta property=\"og:image:height\" content=\"392\" \/>\n\t<meta property=\"og:image:type\" content=\"image\/png\" \/>\n<meta name=\"twitter:card\" content=\"summary_large_image\" \/>\n<script type=\"application\/ld+json\" class=\"yoast-schema-graph\">{\"@context\":\"https:\/\/schema.org\",\"@graph\":[{\"@type\":\"WebPage\",\"@id\":\"https:\/\/www.borinprodottiveneti.com\/de\/produkt\/trueffelcreme-crema-di-tartufo-85-gr\/\",\"url\":\"https:\/\/www.borinprodottiveneti.com\/de\/produkt\/trueffelcreme-crema-di-tartufo-85-gr\/\",\"name\":\"Tr\u00fcffelcreme \/ Crema di tartufo 85 gr - Borin Prodotti Veneti\",\"isPartOf\":{\"@id\":\"https:\/\/www.borinprodottiveneti.com\/de\/#website\"},\"primaryImageOfPage\":{\"@id\":\"https:\/\/www.borinprodottiveneti.com\/de\/produkt\/trueffelcreme-crema-di-tartufo-85-gr\/#primaryimage\"},\"image\":{\"@id\":\"https:\/\/www.borinprodottiveneti.com\/de\/produkt\/trueffelcreme-crema-di-tartufo-85-gr\/#primaryimage\"},\"thumbnailUrl\":\"https:\/\/www.borinprodottiveneti.com\/wp-content\/uploads\/2024\/02\/Capture-decran-2022-08-14-a-11.40.59.png\",\"datePublished\":\"2024-02-17T15:50:39+00:00\",\"breadcrumb\":{\"@id\":\"https:\/\/www.borinprodottiveneti.com\/de\/produkt\/trueffelcreme-crema-di-tartufo-85-gr\/#breadcrumb\"},\"inLanguage\":\"de\",\"potentialAction\":[{\"@type\":\"ReadAction\",\"target\":[\"https:\/\/www.borinprodottiveneti.com\/de\/produkt\/trueffelcreme-crema-di-tartufo-85-gr\/\"]}]},{\"@type\":\"ImageObject\",\"inLanguage\":\"de\",\"@id\":\"https:\/\/www.borinprodottiveneti.com\/de\/produkt\/trueffelcreme-crema-di-tartufo-85-gr\/#primaryimage\",\"url\":\"https:\/\/www.borinprodottiveneti.com\/wp-content\/uploads\/2024\/02\/Capture-decran-2022-08-14-a-11.40.59.png\",\"contentUrl\":\"https:\/\/www.borinprodottiveneti.com\/wp-content\/uploads\/2024\/02\/Capture-decran-2022-08-14-a-11.40.59.png\",\"width\":424,\"height\":392,\"caption\":\"Truffes noires r\u00e2p\u00e9es\"},{\"@type\":\"BreadcrumbList\",\"@id\":\"https:\/\/www.borinprodottiveneti.com\/de\/produkt\/trueffelcreme-crema-di-tartufo-85-gr\/#breadcrumb\",\"itemListElement\":[{\"@type\":\"ListItem\",\"position\":1,\"name\":\"Startseite\",\"item\":\"https:\/\/www.borinprodottiveneti.com\/de\/home\/\"},{\"@type\":\"ListItem\",\"position\":2,\"name\":\"Produkte\",\"item\":\"https:\/\/www.borinprodottiveneti.com\/de\/shop\/\"},{\"@type\":\"ListItem\",\"position\":3,\"name\":\"Tr\u00fcffelcreme \/ Crema di tartufo 85 gr\"}]},{\"@type\":\"WebSite\",\"@id\":\"https:\/\/www.borinprodottiveneti.com\/de\/#website\",\"url\":\"https:\/\/www.borinprodottiveneti.com\/de\/\",\"name\":\"Borin Prodotti Veneti\",\"description\":\"\",\"publisher\":{\"@id\":\"https:\/\/www.borinprodottiveneti.com\/de\/#organization\"},\"potentialAction\":[{\"@type\":\"SearchAction\",\"target\":{\"@type\":\"EntryPoint\",\"urlTemplate\":\"https:\/\/www.borinprodottiveneti.com\/de\/?s={search_term_string}\"},\"query-input\":{\"@type\":\"PropertyValueSpecification\",\"valueRequired\":true,\"valueName\":\"search_term_string\"}}],\"inLanguage\":\"de\"},{\"@type\":\"Organization\",\"@id\":\"https:\/\/www.borinprodottiveneti.com\/de\/#organization\",\"name\":\"Borin Prodotti Veneti\",\"url\":\"https:\/\/www.borinprodottiveneti.com\/de\/\",\"logo\":{\"@type\":\"ImageObject\",\"inLanguage\":\"de\",\"@id\":\"https:\/\/www.borinprodottiveneti.com\/de\/#\/schema\/logo\/image\/\",\"url\":\"https:\/\/www.borinprodottiveneti.com\/wp-content\/uploads\/2024\/01\/logo_borin-Invert.png\",\"contentUrl\":\"https:\/\/www.borinprodottiveneti.com\/wp-content\/uploads\/2024\/01\/logo_borin-Invert.png\",\"width\":400,\"height\":177,\"caption\":\"Borin Prodotti Veneti\"},\"image\":{\"@id\":\"https:\/\/www.borinprodottiveneti.com\/de\/#\/schema\/logo\/image\/\"},\"sameAs\":[\"https:\/\/www.facebook.com\/BorinProdottiVeneti\/\",\"https:\/\/www.instagram.com\/borin.prodotti_veneti\/\",\"https:\/\/www.linkedin.com\/company\/borin-prodotti-veneti\/\"]}]}<\/script>\n<!-- \/ Yoast SEO plugin. -->","yoast_head_json":{"title":"Tr\u00fcffelcreme \/ Crema di tartufo 85 gr - Borin Prodotti Veneti","robots":{"index":"index","follow":"follow","max-snippet":"max-snippet:-1","max-image-preview":"max-image-preview:large","max-video-preview":"max-video-preview:-1"},"canonical":"https:\/\/www.borinprodottiveneti.com\/de\/produkt\/trueffelcreme-crema-di-tartufo-85-gr\/","og_locale":"de_DE","og_type":"article","og_title":"Tr\u00fcffelcreme \/ Crema di tartufo 85 gr - Borin Prodotti Veneti","og_description":"Tr\u00fcffelcreme \/ Crema di tartufo K\u00fchl und lichtgesch\u00fctzt lagern. Nach dem \u00d6ffnen im K\u00fchlschrank 1 bis 2 Wochen haltbar; die Tr\u00fcffel stets mit Oliven\u00f6l bedeckt halten. Zutaten: Schwarze Tr\u00fcffel (75 %), Oliven\u00f6l, Zitronensaft, Salz, Aromen DURCHSCHNITTLICHE N\u00c4HRWERTE PRO 100 g Brennwert 215 Kcal \/ 555 KJ Fett 20,3 gr davon ges\u00e4ttigte Fetts\u00e4uren 2,75 gr Kohlenhydrate...","og_url":"https:\/\/www.borinprodottiveneti.com\/de\/produkt\/trueffelcreme-crema-di-tartufo-85-gr\/","og_site_name":"Borin Prodotti Veneti","article_publisher":"https:\/\/www.facebook.com\/BorinProdottiVeneti\/","og_image":[{"width":424,"height":392,"url":"https:\/\/www.borinprodottiveneti.com\/wp-content\/uploads\/2024\/02\/Capture-decran-2022-08-14-a-11.40.59.png","type":"image\/png"}],"twitter_card":"summary_large_image","schema":{"@context":"https:\/\/schema.org","@graph":[{"@type":"WebPage","@id":"https:\/\/www.borinprodottiveneti.com\/de\/produkt\/trueffelcreme-crema-di-tartufo-85-gr\/","url":"https:\/\/www.borinprodottiveneti.com\/de\/produkt\/trueffelcreme-crema-di-tartufo-85-gr\/","name":"Tr\u00fcffelcreme \/ Crema di tartufo 85 gr - Borin Prodotti Veneti","isPartOf":{"@id":"https:\/\/www.borinprodottiveneti.com\/de\/#website"},"primaryImageOfPage":{"@id":"https:\/\/www.borinprodottiveneti.com\/de\/produkt\/trueffelcreme-crema-di-tartufo-85-gr\/#primaryimage"},"image":{"@id":"https:\/\/www.borinprodottiveneti.com\/de\/produkt\/trueffelcreme-crema-di-tartufo-85-gr\/#primaryimage"},"thumbnailUrl":"https:\/\/www.borinprodottiveneti.com\/wp-content\/uploads\/2024\/02\/Capture-decran-2022-08-14-a-11.40.59.png","datePublished":"2024-02-17T15:50:39+00:00","breadcrumb":{"@id":"https:\/\/www.borinprodottiveneti.com\/de\/produkt\/trueffelcreme-crema-di-tartufo-85-gr\/#breadcrumb"},"inLanguage":"de","potentialAction":[{"@type":"ReadAction","target":["https:\/\/www.borinprodottiveneti.com\/de\/produkt\/trueffelcreme-crema-di-tartufo-85-gr\/"]}]},{"@type":"ImageObject","inLanguage":"de","@id":"https:\/\/www.borinprodottiveneti.com\/de\/produkt\/trueffelcreme-crema-di-tartufo-85-gr\/#primaryimage","url":"https:\/\/www.borinprodottiveneti.com\/wp-content\/uploads\/2024\/02\/Capture-decran-2022-08-14-a-11.40.59.png","contentUrl":"https:\/\/www.borinprodottiveneti.com\/wp-content\/uploads\/2024\/02\/Capture-decran-2022-08-14-a-11.40.59.png","width":424,"height":392,"caption":"Truffes noires r\u00e2p\u00e9es"},{"@type":"BreadcrumbList","@id":"https:\/\/www.borinprodottiveneti.com\/de\/produkt\/trueffelcreme-crema-di-tartufo-85-gr\/#breadcrumb","itemListElement":[{"@type":"ListItem","position":1,"name":"Startseite","item":"https:\/\/www.borinprodottiveneti.com\/de\/home\/"},{"@type":"ListItem","position":2,"name":"Produkte","item":"https:\/\/www.borinprodottiveneti.com\/de\/shop\/"},{"@type":"ListItem","position":3,"name":"Tr\u00fcffelcreme \/ Crema di tartufo 85 gr"}]},{"@type":"WebSite","@id":"https:\/\/www.borinprodottiveneti.com\/de\/#website","url":"https:\/\/www.borinprodottiveneti.com\/de\/","name":"Borin Prodotti Veneti","description":"","publisher":{"@id":"https:\/\/www.borinprodottiveneti.com\/de\/#organization"},"potentialAction":[{"@type":"SearchAction","target":{"@type":"EntryPoint","urlTemplate":"https:\/\/www.borinprodottiveneti.com\/de\/?s={search_term_string}"},"query-input":{"@type":"PropertyValueSpecification","valueRequired":true,"valueName":"search_term_string"}}],"inLanguage":"de"},{"@type":"Organization","@id":"https:\/\/www.borinprodottiveneti.com\/de\/#organization","name":"Borin Prodotti Veneti","url":"https:\/\/www.borinprodottiveneti.com\/de\/","logo":{"@type":"ImageObject","inLanguage":"de","@id":"https:\/\/www.borinprodottiveneti.com\/de\/#\/schema\/logo\/image\/","url":"https:\/\/www.borinprodottiveneti.com\/wp-content\/uploads\/2024\/01\/logo_borin-Invert.png","contentUrl":"https:\/\/www.borinprodottiveneti.com\/wp-content\/uploads\/2024\/01\/logo_borin-Invert.png","width":400,"height":177,"caption":"Borin Prodotti Veneti"},"image":{"@id":"https:\/\/www.borinprodottiveneti.com\/de\/#\/schema\/logo\/image\/"},"sameAs":["https:\/\/www.facebook.com\/BorinProdottiVeneti\/","https:\/\/www.instagram.com\/borin.prodotti_veneti\/","https:\/\/www.linkedin.com\/company\/borin-prodotti-veneti\/"]}]}},"jetpack_sharing_enabled":true,"_links":{"self":[{"href":"https:\/\/www.borinprodottiveneti.com\/de\/wp-json\/wp\/v2\/product\/128567","targetHints":{"allow":["GET"]}}],"collection":[{"href":"https:\/\/www.borinprodottiveneti.com\/de\/wp-json\/wp\/v2\/product"}],"about":[{"href":"https:\/\/www.borinprodottiveneti.com\/de\/wp-json\/wp\/v2\/types\/product"}],"replies":[{"embeddable":true,"href":"https:\/\/www.borinprodottiveneti.com\/de\/wp-json\/wp\/v2\/comments?post=128567"}],"version-history":[{"count":0,"href":"https:\/\/www.borinprodottiveneti.com\/de\/wp-json\/wp\/v2\/product\/128567\/revisions"}],"wp:featuredmedia":[{"embeddable":true,"href":"https:\/\/www.borinprodottiveneti.com\/de\/wp-json\/wp\/v2\/media\/127624"}],"wp:attachment":[{"href":"https:\/\/www.borinprodottiveneti.com\/de\/wp-json\/wp\/v2\/media?parent=128567"}],"wp:term":[{"taxonomy":"product_brand","embeddable":true,"href":"https:\/\/www.borinprodottiveneti.com\/de\/wp-json\/wp\/v2\/product_brand?post=128567"},{"taxonomy":"product_cat","embeddable":true,"href":"https:\/\/www.borinprodottiveneti.com\/de\/wp-json\/wp\/v2\/product_cat?post=128567"},{"taxonomy":"product_tag","embeddable":true,"href":"https:\/\/www.borinprodottiveneti.com\/de\/wp-json\/wp\/v2\/product_tag?post=128567"}],"curies":[{"name":"wp","href":"https:\/\/api.w.org\/{rel}","templated":true}]}}