{"id":128479,"date":"2023-10-02T17:03:47","date_gmt":"2023-10-02T15:03:47","guid":{"rendered":"https:\/\/www.borinprodottiveneti.com\/product\/steinpilz-paste-mit-weissen-trueffeln-85gr\/"},"modified":"2023-10-02T17:03:47","modified_gmt":"2023-10-02T15:03:47","slug":"steinpilz-paste-mit-weissen-trueffeln-85gr","status":"publish","type":"product","link":"https:\/\/www.borinprodottiveneti.com\/de\/produkt\/steinpilz-paste-mit-weissen-trueffeln-85gr\/","title":{"rendered":"Steinpilz-Paste mit wei\u00dfen Tr\u00fcffeln 85gr"},"content":{"rendered":"<div id=\"description-produit\">An einem k\u00fchlen Ort und vor Licht gesch\u00fctzt aufbewahren.<br \/>\nNach dem \u00d6ffnen 1 bis 2 Wochen im K\u00fchlschrank lagern und mit Oliven\u00f6l auff\u00fcllen, um die Tr\u00fcffel zu bedecken.<strong>Zutaten<\/strong>: Steinpilze (64 %), wei\u00dfe Tr\u00fcffel (4 %), natives Oliven\u00f6l extra, Zitronensaft, Salz, Aromen.<\/div>\n<p>&nbsp;<\/p>\n<div id=\"desc-attributes\">\n<table id=\"table-attributes\" class=\"woocommerce-product-attributes shop_attributes\">\n<tbody>\n<tr class=\"woocommerce-product-attributes-item woocommerce-product-attributes-item--attribute_valeurs-moyennes-pour\">\n<th class=\"woocommerce-product-attributes-item__label\">DURCHSCHNITTSWERTE PRO<\/th>\n<td class=\"woocommerce-product-attributes-item__value\">100gr<\/td>\n<\/tr>\n<tr class=\"woocommerce-product-attributes-item woocommerce-product-attributes-item--attribute_valeurs-energetiques\">\n<th class=\"woocommerce-product-attributes-item__label\">Brennwert<\/th>\n<td class=\"woocommerce-product-attributes-item__value\">215 Kcal \/ 902 Kj<\/td>\n<\/tr>\n<tr class=\"woocommerce-product-attributes-item woocommerce-product-attributes-item--attribute_lipides\">\n<th class=\"woocommerce-product-attributes-item__label\">Fett<\/th>\n<td class=\"woocommerce-product-attributes-item__value\">20,30 gr<\/td>\n<\/tr>\n<tr class=\"woocommerce-product-attributes-item woocommerce-product-attributes-item--attribute_dont-satures\">\n<th class=\"woocommerce-product-attributes-item__label\">Davon ges\u00e4ttigte Fetts\u00e4uren<\/th>\n<td class=\"woocommerce-product-attributes-item__value\">2,80 gr<\/td>\n<\/tr>\n<tr class=\"woocommerce-product-attributes-item woocommerce-product-attributes-item--attribute_glucides\">\n<th class=\"woocommerce-product-attributes-item__label\">Kohlenhydrate<\/th>\n<td class=\"woocommerce-product-attributes-item__value\">0,60 gr<\/td>\n<\/tr>\n<tr class=\"woocommerce-product-attributes-item woocommerce-product-attributes-item--attribute_dont-sucres\">\n<th class=\"woocommerce-product-attributes-item__label\">Davon Zucker<\/th>\n<td class=\"woocommerce-product-attributes-item__value\">0,60 gr<\/td>\n<\/tr>\n<tr class=\"woocommerce-product-attributes-item woocommerce-product-attributes-item--attribute_fibres\">\n<th class=\"woocommerce-product-attributes-item__label\">Ballaststoffe<\/th>\n<td class=\"woocommerce-product-attributes-item__value\">6,30 gr<\/td>\n<\/tr>\n<tr class=\"woocommerce-product-attributes-item woocommerce-product-attributes-item--attribute_proteines\">\n<th class=\"woocommerce-product-attributes-item__label\">Eiwei\u00df<\/th>\n<td class=\"woocommerce-product-attributes-item__value\">4,50 gr<\/td>\n<\/tr>\n<tr class=\"woocommerce-product-attributes-item woocommerce-product-attributes-item--attribute_sel\">\n<th class=\"woocommerce-product-attributes-item__label\">Salz<\/th>\n<td class=\"woocommerce-product-attributes-item__value\">1,80 gr<\/td>\n<\/tr>\n<\/tbody>\n<\/table>\n<\/div>\n<p>&nbsp;<\/p>\n","protected":false},"excerpt":{"rendered":"<p>An einem k\u00fchlen Ort und vor Licht gesch\u00fctzt aufbewahren. Nach dem \u00d6ffnen 1 bis 2 Wochen im K\u00fchlschrank lagern und mit Oliven\u00f6l auff\u00fcllen, um die Tr\u00fcffel zu bedecken.Zutaten: Steinpilze (64 %), wei\u00dfe Tr\u00fcffel (4 %), natives Oliven\u00f6l extra, Zitronensaft, Salz, Aromen. &nbsp; DURCHSCHNITTSWERTE PRO 100gr Brennwert 215 Kcal \/ 902 Kj Fett 20,30 gr Davon&#8230;<\/p>\n","protected":false},"featured_media":27347,"comment_status":"closed","ping_status":"closed","template":"","meta":{"_tbt_post_transparent":"","_tbt_post_title":"","_tbt_post_layout":"","_tbt_post_sidebar_id":"","_tbt_post_content_style":"","_tbt_post_vertical_padding":"","_tbt_post_feature":"","_tbt_post_feature_position":"","_tbt_post_header":false,"_tbt_post_footer":false},"product_brand":[],"product_cat":[179],"product_tag":[],"class_list":{"0":"post-128479","1":"product","2":"type-product","3":"status-publish","4":"has-post-thumbnail","6":"product_cat-truffel","8":"first","9":"onbackorder","10":"taxable","11":"shipping-taxable","12":"purchasable","13":"product-type-simple","14":"entry","15":"content-bg","16":"loop-entry"},"yoast_head":"<!-- This site is optimized with the Yoast SEO plugin v26.9 - https:\/\/yoast.com\/product\/yoast-seo-wordpress\/ -->\n<title>Steinpilz-Paste mit wei\u00dfen Tr\u00fcffeln 85gr - Borin Prodotti Veneti<\/title>\n<meta name=\"robots\" content=\"index, follow, max-snippet:-1, max-image-preview:large, max-video-preview:-1\" \/>\n<link rel=\"canonical\" href=\"https:\/\/www.borinprodottiveneti.com\/de\/produkt\/steinpilz-paste-mit-weissen-trueffeln-85gr\/\" \/>\n<meta property=\"og:locale\" content=\"de_DE\" \/>\n<meta property=\"og:type\" content=\"article\" \/>\n<meta property=\"og:title\" content=\"Steinpilz-Paste mit wei\u00dfen Tr\u00fcffeln 85gr - Borin Prodotti Veneti\" \/>\n<meta property=\"og:description\" content=\"An einem k\u00fchlen Ort und vor Licht gesch\u00fctzt aufbewahren. Nach dem \u00d6ffnen 1 bis 2 Wochen im K\u00fchlschrank lagern und mit Oliven\u00f6l auff\u00fcllen, um die Tr\u00fcffel zu bedecken.Zutaten: Steinpilze (64 %), wei\u00dfe Tr\u00fcffel (4 %), natives Oliven\u00f6l extra, Zitronensaft, Salz, Aromen. &nbsp; DURCHSCHNITTSWERTE PRO 100gr Brennwert 215 Kcal \/ 902 Kj Fett 20,30 gr Davon...\" \/>\n<meta property=\"og:url\" content=\"https:\/\/www.borinprodottiveneti.com\/de\/produkt\/steinpilz-paste-mit-weissen-trueffeln-85gr\/\" \/>\n<meta property=\"og:site_name\" content=\"Borin Prodotti Veneti\" \/>\n<meta property=\"article:publisher\" content=\"https:\/\/www.facebook.com\/BorinProdottiVeneti\/\" \/>\n<meta property=\"og:image\" content=\"https:\/\/www.borinprodottiveneti.com\/wp-content\/uploads\/2023\/10\/Capture-decran-2022-08-14-a-18.15.39.jpg\" \/>\n\t<meta property=\"og:image:width\" content=\"446\" \/>\n\t<meta property=\"og:image:height\" content=\"372\" \/>\n\t<meta property=\"og:image:type\" content=\"image\/jpeg\" \/>\n<meta name=\"twitter:card\" content=\"summary_large_image\" \/>\n<script type=\"application\/ld+json\" class=\"yoast-schema-graph\">{\"@context\":\"https:\/\/schema.org\",\"@graph\":[{\"@type\":\"WebPage\",\"@id\":\"https:\/\/www.borinprodottiveneti.com\/de\/produkt\/steinpilz-paste-mit-weissen-trueffeln-85gr\/\",\"url\":\"https:\/\/www.borinprodottiveneti.com\/de\/produkt\/steinpilz-paste-mit-weissen-trueffeln-85gr\/\",\"name\":\"Steinpilz-Paste mit wei\u00dfen Tr\u00fcffeln 85gr - Borin Prodotti Veneti\",\"isPartOf\":{\"@id\":\"https:\/\/www.borinprodottiveneti.com\/de\/#website\"},\"primaryImageOfPage\":{\"@id\":\"https:\/\/www.borinprodottiveneti.com\/de\/produkt\/steinpilz-paste-mit-weissen-trueffeln-85gr\/#primaryimage\"},\"image\":{\"@id\":\"https:\/\/www.borinprodottiveneti.com\/de\/produkt\/steinpilz-paste-mit-weissen-trueffeln-85gr\/#primaryimage\"},\"thumbnailUrl\":\"https:\/\/www.borinprodottiveneti.com\/wp-content\/uploads\/2023\/10\/Capture-decran-2022-08-14-a-18.15.39.jpg\",\"datePublished\":\"2023-10-02T15:03:47+00:00\",\"breadcrumb\":{\"@id\":\"https:\/\/www.borinprodottiveneti.com\/de\/produkt\/steinpilz-paste-mit-weissen-trueffeln-85gr\/#breadcrumb\"},\"inLanguage\":\"de\",\"potentialAction\":[{\"@type\":\"ReadAction\",\"target\":[\"https:\/\/www.borinprodottiveneti.com\/de\/produkt\/steinpilz-paste-mit-weissen-trueffeln-85gr\/\"]}]},{\"@type\":\"ImageObject\",\"inLanguage\":\"de\",\"@id\":\"https:\/\/www.borinprodottiveneti.com\/de\/produkt\/steinpilz-paste-mit-weissen-trueffeln-85gr\/#primaryimage\",\"url\":\"https:\/\/www.borinprodottiveneti.com\/wp-content\/uploads\/2023\/10\/Capture-decran-2022-08-14-a-18.15.39.jpg\",\"contentUrl\":\"https:\/\/www.borinprodottiveneti.com\/wp-content\/uploads\/2023\/10\/Capture-decran-2022-08-14-a-18.15.39.jpg\",\"width\":446,\"height\":372},{\"@type\":\"BreadcrumbList\",\"@id\":\"https:\/\/www.borinprodottiveneti.com\/de\/produkt\/steinpilz-paste-mit-weissen-trueffeln-85gr\/#breadcrumb\",\"itemListElement\":[{\"@type\":\"ListItem\",\"position\":1,\"name\":\"Startseite\",\"item\":\"https:\/\/www.borinprodottiveneti.com\/de\/home\/\"},{\"@type\":\"ListItem\",\"position\":2,\"name\":\"Produkte\",\"item\":\"https:\/\/www.borinprodottiveneti.com\/de\/shop\/\"},{\"@type\":\"ListItem\",\"position\":3,\"name\":\"Steinpilz-Paste mit wei\u00dfen Tr\u00fcffeln 85gr\"}]},{\"@type\":\"WebSite\",\"@id\":\"https:\/\/www.borinprodottiveneti.com\/de\/#website\",\"url\":\"https:\/\/www.borinprodottiveneti.com\/de\/\",\"name\":\"Borin Prodotti Veneti\",\"description\":\"\",\"publisher\":{\"@id\":\"https:\/\/www.borinprodottiveneti.com\/de\/#organization\"},\"potentialAction\":[{\"@type\":\"SearchAction\",\"target\":{\"@type\":\"EntryPoint\",\"urlTemplate\":\"https:\/\/www.borinprodottiveneti.com\/de\/?s={search_term_string}\"},\"query-input\":{\"@type\":\"PropertyValueSpecification\",\"valueRequired\":true,\"valueName\":\"search_term_string\"}}],\"inLanguage\":\"de\"},{\"@type\":\"Organization\",\"@id\":\"https:\/\/www.borinprodottiveneti.com\/de\/#organization\",\"name\":\"Borin Prodotti Veneti\",\"url\":\"https:\/\/www.borinprodottiveneti.com\/de\/\",\"logo\":{\"@type\":\"ImageObject\",\"inLanguage\":\"de\",\"@id\":\"https:\/\/www.borinprodottiveneti.com\/de\/#\/schema\/logo\/image\/\",\"url\":\"https:\/\/www.borinprodottiveneti.com\/wp-content\/uploads\/2024\/01\/logo_borin-Invert.png\",\"contentUrl\":\"https:\/\/www.borinprodottiveneti.com\/wp-content\/uploads\/2024\/01\/logo_borin-Invert.png\",\"width\":400,\"height\":177,\"caption\":\"Borin Prodotti Veneti\"},\"image\":{\"@id\":\"https:\/\/www.borinprodottiveneti.com\/de\/#\/schema\/logo\/image\/\"},\"sameAs\":[\"https:\/\/www.facebook.com\/BorinProdottiVeneti\/\",\"https:\/\/www.instagram.com\/borin.prodotti_veneti\/\",\"https:\/\/www.linkedin.com\/company\/borin-prodotti-veneti\/\"]}]}<\/script>\n<!-- \/ Yoast SEO plugin. -->","yoast_head_json":{"title":"Steinpilz-Paste mit wei\u00dfen Tr\u00fcffeln 85gr - Borin Prodotti Veneti","robots":{"index":"index","follow":"follow","max-snippet":"max-snippet:-1","max-image-preview":"max-image-preview:large","max-video-preview":"max-video-preview:-1"},"canonical":"https:\/\/www.borinprodottiveneti.com\/de\/produkt\/steinpilz-paste-mit-weissen-trueffeln-85gr\/","og_locale":"de_DE","og_type":"article","og_title":"Steinpilz-Paste mit wei\u00dfen Tr\u00fcffeln 85gr - Borin Prodotti Veneti","og_description":"An einem k\u00fchlen Ort und vor Licht gesch\u00fctzt aufbewahren. Nach dem \u00d6ffnen 1 bis 2 Wochen im K\u00fchlschrank lagern und mit Oliven\u00f6l auff\u00fcllen, um die Tr\u00fcffel zu bedecken.Zutaten: Steinpilze (64 %), wei\u00dfe Tr\u00fcffel (4 %), natives Oliven\u00f6l extra, Zitronensaft, Salz, Aromen. &nbsp; DURCHSCHNITTSWERTE PRO 100gr Brennwert 215 Kcal \/ 902 Kj Fett 20,30 gr Davon...","og_url":"https:\/\/www.borinprodottiveneti.com\/de\/produkt\/steinpilz-paste-mit-weissen-trueffeln-85gr\/","og_site_name":"Borin Prodotti Veneti","article_publisher":"https:\/\/www.facebook.com\/BorinProdottiVeneti\/","og_image":[{"width":446,"height":372,"url":"https:\/\/www.borinprodottiveneti.com\/wp-content\/uploads\/2023\/10\/Capture-decran-2022-08-14-a-18.15.39.jpg","type":"image\/jpeg"}],"twitter_card":"summary_large_image","schema":{"@context":"https:\/\/schema.org","@graph":[{"@type":"WebPage","@id":"https:\/\/www.borinprodottiveneti.com\/de\/produkt\/steinpilz-paste-mit-weissen-trueffeln-85gr\/","url":"https:\/\/www.borinprodottiveneti.com\/de\/produkt\/steinpilz-paste-mit-weissen-trueffeln-85gr\/","name":"Steinpilz-Paste mit wei\u00dfen Tr\u00fcffeln 85gr - Borin Prodotti Veneti","isPartOf":{"@id":"https:\/\/www.borinprodottiveneti.com\/de\/#website"},"primaryImageOfPage":{"@id":"https:\/\/www.borinprodottiveneti.com\/de\/produkt\/steinpilz-paste-mit-weissen-trueffeln-85gr\/#primaryimage"},"image":{"@id":"https:\/\/www.borinprodottiveneti.com\/de\/produkt\/steinpilz-paste-mit-weissen-trueffeln-85gr\/#primaryimage"},"thumbnailUrl":"https:\/\/www.borinprodottiveneti.com\/wp-content\/uploads\/2023\/10\/Capture-decran-2022-08-14-a-18.15.39.jpg","datePublished":"2023-10-02T15:03:47+00:00","breadcrumb":{"@id":"https:\/\/www.borinprodottiveneti.com\/de\/produkt\/steinpilz-paste-mit-weissen-trueffeln-85gr\/#breadcrumb"},"inLanguage":"de","potentialAction":[{"@type":"ReadAction","target":["https:\/\/www.borinprodottiveneti.com\/de\/produkt\/steinpilz-paste-mit-weissen-trueffeln-85gr\/"]}]},{"@type":"ImageObject","inLanguage":"de","@id":"https:\/\/www.borinprodottiveneti.com\/de\/produkt\/steinpilz-paste-mit-weissen-trueffeln-85gr\/#primaryimage","url":"https:\/\/www.borinprodottiveneti.com\/wp-content\/uploads\/2023\/10\/Capture-decran-2022-08-14-a-18.15.39.jpg","contentUrl":"https:\/\/www.borinprodottiveneti.com\/wp-content\/uploads\/2023\/10\/Capture-decran-2022-08-14-a-18.15.39.jpg","width":446,"height":372},{"@type":"BreadcrumbList","@id":"https:\/\/www.borinprodottiveneti.com\/de\/produkt\/steinpilz-paste-mit-weissen-trueffeln-85gr\/#breadcrumb","itemListElement":[{"@type":"ListItem","position":1,"name":"Startseite","item":"https:\/\/www.borinprodottiveneti.com\/de\/home\/"},{"@type":"ListItem","position":2,"name":"Produkte","item":"https:\/\/www.borinprodottiveneti.com\/de\/shop\/"},{"@type":"ListItem","position":3,"name":"Steinpilz-Paste mit wei\u00dfen Tr\u00fcffeln 85gr"}]},{"@type":"WebSite","@id":"https:\/\/www.borinprodottiveneti.com\/de\/#website","url":"https:\/\/www.borinprodottiveneti.com\/de\/","name":"Borin Prodotti Veneti","description":"","publisher":{"@id":"https:\/\/www.borinprodottiveneti.com\/de\/#organization"},"potentialAction":[{"@type":"SearchAction","target":{"@type":"EntryPoint","urlTemplate":"https:\/\/www.borinprodottiveneti.com\/de\/?s={search_term_string}"},"query-input":{"@type":"PropertyValueSpecification","valueRequired":true,"valueName":"search_term_string"}}],"inLanguage":"de"},{"@type":"Organization","@id":"https:\/\/www.borinprodottiveneti.com\/de\/#organization","name":"Borin Prodotti Veneti","url":"https:\/\/www.borinprodottiveneti.com\/de\/","logo":{"@type":"ImageObject","inLanguage":"de","@id":"https:\/\/www.borinprodottiveneti.com\/de\/#\/schema\/logo\/image\/","url":"https:\/\/www.borinprodottiveneti.com\/wp-content\/uploads\/2024\/01\/logo_borin-Invert.png","contentUrl":"https:\/\/www.borinprodottiveneti.com\/wp-content\/uploads\/2024\/01\/logo_borin-Invert.png","width":400,"height":177,"caption":"Borin Prodotti Veneti"},"image":{"@id":"https:\/\/www.borinprodottiveneti.com\/de\/#\/schema\/logo\/image\/"},"sameAs":["https:\/\/www.facebook.com\/BorinProdottiVeneti\/","https:\/\/www.instagram.com\/borin.prodotti_veneti\/","https:\/\/www.linkedin.com\/company\/borin-prodotti-veneti\/"]}]}},"jetpack_sharing_enabled":true,"_links":{"self":[{"href":"https:\/\/www.borinprodottiveneti.com\/de\/wp-json\/wp\/v2\/product\/128479","targetHints":{"allow":["GET"]}}],"collection":[{"href":"https:\/\/www.borinprodottiveneti.com\/de\/wp-json\/wp\/v2\/product"}],"about":[{"href":"https:\/\/www.borinprodottiveneti.com\/de\/wp-json\/wp\/v2\/types\/product"}],"replies":[{"embeddable":true,"href":"https:\/\/www.borinprodottiveneti.com\/de\/wp-json\/wp\/v2\/comments?post=128479"}],"version-history":[{"count":0,"href":"https:\/\/www.borinprodottiveneti.com\/de\/wp-json\/wp\/v2\/product\/128479\/revisions"}],"wp:featuredmedia":[{"embeddable":true,"href":"https:\/\/www.borinprodottiveneti.com\/de\/wp-json\/wp\/v2\/media\/27347"}],"wp:attachment":[{"href":"https:\/\/www.borinprodottiveneti.com\/de\/wp-json\/wp\/v2\/media?parent=128479"}],"wp:term":[{"taxonomy":"product_brand","embeddable":true,"href":"https:\/\/www.borinprodottiveneti.com\/de\/wp-json\/wp\/v2\/product_brand?post=128479"},{"taxonomy":"product_cat","embeddable":true,"href":"https:\/\/www.borinprodottiveneti.com\/de\/wp-json\/wp\/v2\/product_cat?post=128479"},{"taxonomy":"product_tag","embeddable":true,"href":"https:\/\/www.borinprodottiveneti.com\/de\/wp-json\/wp\/v2\/product_tag?post=128479"}],"curies":[{"name":"wp","href":"https:\/\/api.w.org\/{rel}","templated":true}]}}