{"id":128455,"date":"2023-10-02T17:02:48","date_gmt":"2023-10-02T15:02:48","guid":{"rendered":"https:\/\/www.borinprodottiveneti.com\/product\/bristot-tiziano\/"},"modified":"2026-02-17T08:11:27","modified_gmt":"2026-02-17T07:11:27","slug":"bristot-tiziano","status":"publish","type":"product","link":"https:\/\/www.borinprodottiveneti.com\/de\/produkt\/bristot-tiziano\/","title":{"rendered":"Bristot Tiziano"},"content":{"rendered":"<p><span style=\"font-family: Asul, sans-serif; font-size: 45px; letter-spacing: 0.1px; text-transform: uppercase;\">Bristot TIZiANO<\/span><\/p>\n<table width=\"99\">\n<tbody>\n<tr>\n<td width=\"99\">\n<table style=\"width: 1349px; letter-spacing: 0.3px;\" width=\"99\">\n<tbody>\n<tr>\n<td width=\"99\"><\/td>\n<\/tr>\n<\/tbody>\n<\/table>\n<p>8001119520511<strong style=\"font-family: var(--global-body-font-family); letter-spacing: 0.3px;\">Typologie: <\/strong><span style=\"font-family: var(--global-body-font-family); letter-spacing: 0.3px;\">Feinste Arabica 85 % Grand Cru und Robusta 15 % Grand Cru.<\/span><\/td>\n<\/tr>\n<\/tbody>\n<\/table>\n<div id=\"description-produit\">\n<p><strong>Geschmack: <\/strong>Au\u00dfergew\u00f6hnlich ausgewogene Mischung, gepr\u00e4gt von einem feinen und intensiven Aroma, einem vollmundigen und runden Geschmack am Gaumen, mit w\u00fcrzigen Noten und tropischen Fr\u00fcchten. Eine ideale Balance zwischen Kraft, S\u00e4ure und Aroma. F\u00fcr alle, die ihren Kaffee entspannt genie\u00dfen m\u00f6chten!<\/p>\n<p>10 % Rabatt bei Bestellung von 1 Karton \u00e0 1 x 6 kg<\/p>\n<p>K\u00fchl und trocken lagern.<\/p>\n<\/div>\n<p>&nbsp;<\/p>\n","protected":false},"excerpt":{"rendered":"<p>Bristot TIZiANO 8001119520511Typologie: Feinste Arabica 85 % Grand Cru und Robusta 15 % Grand Cru. Geschmack: Au\u00dfergew\u00f6hnlich ausgewogene Mischung, gepr\u00e4gt von einem feinen und intensiven Aroma, einem vollmundigen und runden Geschmack am Gaumen, mit w\u00fcrzigen Noten und tropischen Fr\u00fcchten. Eine ideale Balance zwischen Kraft, S\u00e4ure und Aroma. F\u00fcr alle, die ihren Kaffee entspannt genie\u00dfen m\u00f6chten!&#8230;<\/p>\n","protected":false},"featured_media":128458,"comment_status":"closed","ping_status":"closed","template":"","meta":{"_tbt_post_transparent":"","_tbt_post_title":"","_tbt_post_layout":"","_tbt_post_sidebar_id":"","_tbt_post_content_style":"","_tbt_post_vertical_padding":"","_tbt_post_feature":"","_tbt_post_feature_position":"","_tbt_post_header":false,"_tbt_post_footer":false},"product_brand":[],"product_cat":[198,190,189,196,200,199],"product_tag":[],"class_list":{"0":"post-128455","1":"product","2":"type-product","3":"status-publish","4":"has-post-thumbnail","6":"product_cat-arabica","7":"product_cat-bristot","8":"product_cat-ganze-bohnen","9":"product_cat-kaffee","10":"product_cat-medium","11":"product_cat-robusta","13":"first","14":"instock","15":"taxable","16":"shipping-taxable","17":"purchasable","18":"product-type-simple","19":"entry","20":"content-bg","21":"loop-entry"},"yoast_head":"<!-- This site is optimized with the Yoast SEO plugin v26.9 - https:\/\/yoast.com\/product\/yoast-seo-wordpress\/ -->\n<title>Bristot Tiziano - Borin Prodotti Veneti<\/title>\n<meta name=\"robots\" content=\"index, follow, max-snippet:-1, max-image-preview:large, max-video-preview:-1\" \/>\n<link rel=\"canonical\" href=\"https:\/\/www.borinprodottiveneti.com\/de\/produkt\/bristot-tiziano\/\" \/>\n<meta property=\"og:locale\" content=\"de_DE\" \/>\n<meta property=\"og:type\" content=\"article\" \/>\n<meta property=\"og:title\" content=\"Bristot Tiziano - Borin Prodotti Veneti\" \/>\n<meta property=\"og:description\" content=\"Bristot TIZiANO 8001119520511Typologie: Feinste Arabica 85 % Grand Cru und Robusta 15 % Grand Cru. Geschmack: Au\u00dfergew\u00f6hnlich ausgewogene Mischung, gepr\u00e4gt von einem feinen und intensiven Aroma, einem vollmundigen und runden Geschmack am Gaumen, mit w\u00fcrzigen Noten und tropischen Fr\u00fcchten. Eine ideale Balance zwischen Kraft, S\u00e4ure und Aroma. F\u00fcr alle, die ihren Kaffee entspannt genie\u00dfen m\u00f6chten!...\" \/>\n<meta property=\"og:url\" content=\"https:\/\/www.borinprodottiveneti.com\/de\/produkt\/bristot-tiziano\/\" \/>\n<meta property=\"og:site_name\" content=\"Borin Prodotti Veneti\" \/>\n<meta property=\"article:publisher\" content=\"https:\/\/www.facebook.com\/BorinProdottiVeneti\/\" \/>\n<meta property=\"article:modified_time\" content=\"2026-02-17T07:11:27+00:00\" \/>\n<meta property=\"og:image\" content=\"https:\/\/www.borinprodottiveneti.com\/wp-content\/uploads\/2023\/10\/img_2150-1.jpeg\" \/>\n\t<meta property=\"og:image:width\" content=\"2160\" \/>\n\t<meta property=\"og:image:height\" content=\"2160\" \/>\n\t<meta property=\"og:image:type\" content=\"image\/jpeg\" \/>\n<meta name=\"twitter:card\" content=\"summary_large_image\" \/>\n<script type=\"application\/ld+json\" class=\"yoast-schema-graph\">{\"@context\":\"https:\/\/schema.org\",\"@graph\":[{\"@type\":\"WebPage\",\"@id\":\"https:\/\/www.borinprodottiveneti.com\/de\/produkt\/bristot-tiziano\/\",\"url\":\"https:\/\/www.borinprodottiveneti.com\/de\/produkt\/bristot-tiziano\/\",\"name\":\"Bristot Tiziano - Borin Prodotti Veneti\",\"isPartOf\":{\"@id\":\"https:\/\/www.borinprodottiveneti.com\/de\/#website\"},\"primaryImageOfPage\":{\"@id\":\"https:\/\/www.borinprodottiveneti.com\/de\/produkt\/bristot-tiziano\/#primaryimage\"},\"image\":{\"@id\":\"https:\/\/www.borinprodottiveneti.com\/de\/produkt\/bristot-tiziano\/#primaryimage\"},\"thumbnailUrl\":\"https:\/\/www.borinprodottiveneti.com\/wp-content\/uploads\/2023\/10\/img_2150-1.jpeg\",\"datePublished\":\"2023-10-02T15:02:48+00:00\",\"dateModified\":\"2026-02-17T07:11:27+00:00\",\"breadcrumb\":{\"@id\":\"https:\/\/www.borinprodottiveneti.com\/de\/produkt\/bristot-tiziano\/#breadcrumb\"},\"inLanguage\":\"de\",\"potentialAction\":[{\"@type\":\"ReadAction\",\"target\":[\"https:\/\/www.borinprodottiveneti.com\/de\/produkt\/bristot-tiziano\/\"]}]},{\"@type\":\"ImageObject\",\"inLanguage\":\"de\",\"@id\":\"https:\/\/www.borinprodottiveneti.com\/de\/produkt\/bristot-tiziano\/#primaryimage\",\"url\":\"https:\/\/www.borinprodottiveneti.com\/wp-content\/uploads\/2023\/10\/img_2150-1.jpeg\",\"contentUrl\":\"https:\/\/www.borinprodottiveneti.com\/wp-content\/uploads\/2023\/10\/img_2150-1.jpeg\",\"width\":2160,\"height\":2160},{\"@type\":\"BreadcrumbList\",\"@id\":\"https:\/\/www.borinprodottiveneti.com\/de\/produkt\/bristot-tiziano\/#breadcrumb\",\"itemListElement\":[{\"@type\":\"ListItem\",\"position\":1,\"name\":\"Startseite\",\"item\":\"https:\/\/www.borinprodottiveneti.com\/de\/home\/\"},{\"@type\":\"ListItem\",\"position\":2,\"name\":\"Produkte\",\"item\":\"https:\/\/www.borinprodottiveneti.com\/de\/shop\/\"},{\"@type\":\"ListItem\",\"position\":3,\"name\":\"Bristot Tiziano\"}]},{\"@type\":\"WebSite\",\"@id\":\"https:\/\/www.borinprodottiveneti.com\/de\/#website\",\"url\":\"https:\/\/www.borinprodottiveneti.com\/de\/\",\"name\":\"Borin Prodotti Veneti\",\"description\":\"\",\"publisher\":{\"@id\":\"https:\/\/www.borinprodottiveneti.com\/de\/#organization\"},\"potentialAction\":[{\"@type\":\"SearchAction\",\"target\":{\"@type\":\"EntryPoint\",\"urlTemplate\":\"https:\/\/www.borinprodottiveneti.com\/de\/?s={search_term_string}\"},\"query-input\":{\"@type\":\"PropertyValueSpecification\",\"valueRequired\":true,\"valueName\":\"search_term_string\"}}],\"inLanguage\":\"de\"},{\"@type\":\"Organization\",\"@id\":\"https:\/\/www.borinprodottiveneti.com\/de\/#organization\",\"name\":\"Borin Prodotti Veneti\",\"url\":\"https:\/\/www.borinprodottiveneti.com\/de\/\",\"logo\":{\"@type\":\"ImageObject\",\"inLanguage\":\"de\",\"@id\":\"https:\/\/www.borinprodottiveneti.com\/de\/#\/schema\/logo\/image\/\",\"url\":\"https:\/\/www.borinprodottiveneti.com\/wp-content\/uploads\/2024\/01\/logo_borin-Invert.png\",\"contentUrl\":\"https:\/\/www.borinprodottiveneti.com\/wp-content\/uploads\/2024\/01\/logo_borin-Invert.png\",\"width\":400,\"height\":177,\"caption\":\"Borin Prodotti Veneti\"},\"image\":{\"@id\":\"https:\/\/www.borinprodottiveneti.com\/de\/#\/schema\/logo\/image\/\"},\"sameAs\":[\"https:\/\/www.facebook.com\/BorinProdottiVeneti\/\",\"https:\/\/www.instagram.com\/borin.prodotti_veneti\/\",\"https:\/\/www.linkedin.com\/company\/borin-prodotti-veneti\/\"]}]}<\/script>\n<!-- \/ Yoast SEO plugin. -->","yoast_head_json":{"title":"Bristot Tiziano - Borin Prodotti Veneti","robots":{"index":"index","follow":"follow","max-snippet":"max-snippet:-1","max-image-preview":"max-image-preview:large","max-video-preview":"max-video-preview:-1"},"canonical":"https:\/\/www.borinprodottiveneti.com\/de\/produkt\/bristot-tiziano\/","og_locale":"de_DE","og_type":"article","og_title":"Bristot Tiziano - Borin Prodotti Veneti","og_description":"Bristot TIZiANO 8001119520511Typologie: Feinste Arabica 85 % Grand Cru und Robusta 15 % Grand Cru. Geschmack: Au\u00dfergew\u00f6hnlich ausgewogene Mischung, gepr\u00e4gt von einem feinen und intensiven Aroma, einem vollmundigen und runden Geschmack am Gaumen, mit w\u00fcrzigen Noten und tropischen Fr\u00fcchten. Eine ideale Balance zwischen Kraft, S\u00e4ure und Aroma. F\u00fcr alle, die ihren Kaffee entspannt genie\u00dfen m\u00f6chten!...","og_url":"https:\/\/www.borinprodottiveneti.com\/de\/produkt\/bristot-tiziano\/","og_site_name":"Borin Prodotti Veneti","article_publisher":"https:\/\/www.facebook.com\/BorinProdottiVeneti\/","article_modified_time":"2026-02-17T07:11:27+00:00","og_image":[{"width":2160,"height":2160,"url":"https:\/\/www.borinprodottiveneti.com\/wp-content\/uploads\/2023\/10\/img_2150-1.jpeg","type":"image\/jpeg"}],"twitter_card":"summary_large_image","schema":{"@context":"https:\/\/schema.org","@graph":[{"@type":"WebPage","@id":"https:\/\/www.borinprodottiveneti.com\/de\/produkt\/bristot-tiziano\/","url":"https:\/\/www.borinprodottiveneti.com\/de\/produkt\/bristot-tiziano\/","name":"Bristot Tiziano - Borin Prodotti Veneti","isPartOf":{"@id":"https:\/\/www.borinprodottiveneti.com\/de\/#website"},"primaryImageOfPage":{"@id":"https:\/\/www.borinprodottiveneti.com\/de\/produkt\/bristot-tiziano\/#primaryimage"},"image":{"@id":"https:\/\/www.borinprodottiveneti.com\/de\/produkt\/bristot-tiziano\/#primaryimage"},"thumbnailUrl":"https:\/\/www.borinprodottiveneti.com\/wp-content\/uploads\/2023\/10\/img_2150-1.jpeg","datePublished":"2023-10-02T15:02:48+00:00","dateModified":"2026-02-17T07:11:27+00:00","breadcrumb":{"@id":"https:\/\/www.borinprodottiveneti.com\/de\/produkt\/bristot-tiziano\/#breadcrumb"},"inLanguage":"de","potentialAction":[{"@type":"ReadAction","target":["https:\/\/www.borinprodottiveneti.com\/de\/produkt\/bristot-tiziano\/"]}]},{"@type":"ImageObject","inLanguage":"de","@id":"https:\/\/www.borinprodottiveneti.com\/de\/produkt\/bristot-tiziano\/#primaryimage","url":"https:\/\/www.borinprodottiveneti.com\/wp-content\/uploads\/2023\/10\/img_2150-1.jpeg","contentUrl":"https:\/\/www.borinprodottiveneti.com\/wp-content\/uploads\/2023\/10\/img_2150-1.jpeg","width":2160,"height":2160},{"@type":"BreadcrumbList","@id":"https:\/\/www.borinprodottiveneti.com\/de\/produkt\/bristot-tiziano\/#breadcrumb","itemListElement":[{"@type":"ListItem","position":1,"name":"Startseite","item":"https:\/\/www.borinprodottiveneti.com\/de\/home\/"},{"@type":"ListItem","position":2,"name":"Produkte","item":"https:\/\/www.borinprodottiveneti.com\/de\/shop\/"},{"@type":"ListItem","position":3,"name":"Bristot Tiziano"}]},{"@type":"WebSite","@id":"https:\/\/www.borinprodottiveneti.com\/de\/#website","url":"https:\/\/www.borinprodottiveneti.com\/de\/","name":"Borin Prodotti Veneti","description":"","publisher":{"@id":"https:\/\/www.borinprodottiveneti.com\/de\/#organization"},"potentialAction":[{"@type":"SearchAction","target":{"@type":"EntryPoint","urlTemplate":"https:\/\/www.borinprodottiveneti.com\/de\/?s={search_term_string}"},"query-input":{"@type":"PropertyValueSpecification","valueRequired":true,"valueName":"search_term_string"}}],"inLanguage":"de"},{"@type":"Organization","@id":"https:\/\/www.borinprodottiveneti.com\/de\/#organization","name":"Borin Prodotti Veneti","url":"https:\/\/www.borinprodottiveneti.com\/de\/","logo":{"@type":"ImageObject","inLanguage":"de","@id":"https:\/\/www.borinprodottiveneti.com\/de\/#\/schema\/logo\/image\/","url":"https:\/\/www.borinprodottiveneti.com\/wp-content\/uploads\/2024\/01\/logo_borin-Invert.png","contentUrl":"https:\/\/www.borinprodottiveneti.com\/wp-content\/uploads\/2024\/01\/logo_borin-Invert.png","width":400,"height":177,"caption":"Borin Prodotti Veneti"},"image":{"@id":"https:\/\/www.borinprodottiveneti.com\/de\/#\/schema\/logo\/image\/"},"sameAs":["https:\/\/www.facebook.com\/BorinProdottiVeneti\/","https:\/\/www.instagram.com\/borin.prodotti_veneti\/","https:\/\/www.linkedin.com\/company\/borin-prodotti-veneti\/"]}]}},"jetpack_sharing_enabled":true,"_links":{"self":[{"href":"https:\/\/www.borinprodottiveneti.com\/de\/wp-json\/wp\/v2\/product\/128455","targetHints":{"allow":["GET"]}}],"collection":[{"href":"https:\/\/www.borinprodottiveneti.com\/de\/wp-json\/wp\/v2\/product"}],"about":[{"href":"https:\/\/www.borinprodottiveneti.com\/de\/wp-json\/wp\/v2\/types\/product"}],"replies":[{"embeddable":true,"href":"https:\/\/www.borinprodottiveneti.com\/de\/wp-json\/wp\/v2\/comments?post=128455"}],"version-history":[{"count":1,"href":"https:\/\/www.borinprodottiveneti.com\/de\/wp-json\/wp\/v2\/product\/128455\/revisions"}],"predecessor-version":[{"id":128654,"href":"https:\/\/www.borinprodottiveneti.com\/de\/wp-json\/wp\/v2\/product\/128455\/revisions\/128654"}],"wp:featuredmedia":[{"embeddable":true,"href":"https:\/\/www.borinprodottiveneti.com\/de\/wp-json\/wp\/v2\/media\/128458"}],"wp:attachment":[{"href":"https:\/\/www.borinprodottiveneti.com\/de\/wp-json\/wp\/v2\/media?parent=128455"}],"wp:term":[{"taxonomy":"product_brand","embeddable":true,"href":"https:\/\/www.borinprodottiveneti.com\/de\/wp-json\/wp\/v2\/product_brand?post=128455"},{"taxonomy":"product_cat","embeddable":true,"href":"https:\/\/www.borinprodottiveneti.com\/de\/wp-json\/wp\/v2\/product_cat?post=128455"},{"taxonomy":"product_tag","embeddable":true,"href":"https:\/\/www.borinprodottiveneti.com\/de\/wp-json\/wp\/v2\/product_tag?post=128455"}],"curies":[{"name":"wp","href":"https:\/\/api.w.org\/{rel}","templated":true}]}}