{"id":128391,"date":"2023-10-10T19:14:03","date_gmt":"2023-10-10T17:14:03","guid":{"rendered":"https:\/\/www.borinprodottiveneti.com\/partner\/"},"modified":"2026-02-16T12:22:04","modified_gmt":"2026-02-16T11:22:04","slug":"partner","status":"publish","type":"page","link":"https:\/\/www.borinprodottiveneti.com\/de\/partner\/","title":{"rendered":"Partner"},"content":{"rendered":"\t\t<div data-elementor-type=\"wp-page\" data-elementor-id=\"128391\" class=\"elementor elementor-128391 elementor-26783\" data-elementor-post-type=\"page\">\n\t\t\t\t<div class=\"elementor-element elementor-element-8324129 e-con-full e-flex e-con e-parent\" data-id=\"8324129\" data-element_type=\"container\" data-e-type=\"container\">\n\t\t<div class=\"elementor-element elementor-element-cdf0932 e-con-full e-flex e-con e-child\" data-id=\"cdf0932\" data-element_type=\"container\" data-e-type=\"container\" data-settings=\"{&quot;background_background&quot;:&quot;classic&quot;}\">\n\t\t\t\t<div class=\"elementor-element elementor-element-ffb7936 elementor-widget elementor-widget-heading\" data-id=\"ffb7936\" data-element_type=\"widget\" data-e-type=\"widget\" data-widget_type=\"heading.default\">\n\t\t\t\t<div class=\"elementor-widget-container\">\n\t\t\t\t\t<h1 class=\"elementor-heading-title elementor-size-default\">Partner<\/br>werden<\/h1>\t\t\t\t<\/div>\n\t\t\t\t<\/div>\n\t\t\t\t<div class=\"elementor-element elementor-element-25cba42 contact-info-left elementor-widget elementor-widget-text-editor\" data-id=\"25cba42\" data-element_type=\"widget\" data-e-type=\"widget\" data-widget_type=\"text-editor.default\">\n\t\t\t\t<div class=\"elementor-widget-container\">\n\t\t\t\t\t\t\t\t\t<p>IHRE VORTEILE ALS PARTNER<\/p>\t\t\t\t\t\t\t\t<\/div>\n\t\t\t\t<\/div>\n\t\t\t\t<div class=\"elementor-element elementor-element-89b3b8a elementor-align-start elementor-icon-list--layout-traditional elementor-list-item-link-full_width elementor-widget elementor-widget-icon-list\" data-id=\"89b3b8a\" data-element_type=\"widget\" data-e-type=\"widget\" data-widget_type=\"icon-list.default\">\n\t\t\t\t<div class=\"elementor-widget-container\">\n\t\t\t\t\t\t\t<ul class=\"elementor-icon-list-items\">\n\t\t\t\t\t\t\t<li class=\"elementor-icon-list-item\">\n\t\t\t\t\t\t\t\t\t\t\t<span class=\"elementor-icon-list-icon\">\n\t\t\t\t\t\t\t<i aria-hidden=\"true\" class=\"fas fa-check\"><\/i>\t\t\t\t\t\t<\/span>\n\t\t\t\t\t\t\t\t\t\t<span class=\"elementor-icon-list-text\">Zugang zu einer umfassenden Datenbank potenzieller Kunden in der Schweiz.<\/span>\n\t\t\t\t\t\t\t\t\t<\/li>\n\t\t\t\t\t\t\t\t<li class=\"elementor-icon-list-item\">\n\t\t\t\t\t\t\t\t\t\t\t<span class=\"elementor-icon-list-icon\">\n\t\t\t\t\t\t\t<i aria-hidden=\"true\" class=\"fas fa-check\"><\/i>\t\t\t\t\t\t<\/span>\n\t\t\t\t\t\t\t\t\t\t<span class=\"elementor-icon-list-text\">M\u00f6glichkeiten zur Kundenbindung und zur Gewinnung von Neukunden.<\/span>\n\t\t\t\t\t\t\t\t\t<\/li>\n\t\t\t\t\t\t\t\t<li class=\"elementor-icon-list-item\">\n\t\t\t\t\t\t\t\t\t\t\t<span class=\"elementor-icon-list-icon\">\n\t\t\t\t\t\t\t<i aria-hidden=\"true\" class=\"fas fa-check\"><\/i>\t\t\t\t\t\t<\/span>\n\t\t\t\t\t\t\t\t\t\t<span class=\"elementor-icon-list-text\">Garantie f\u00fcr einen effizienten Partner- und Kundenservice.<\/span>\n\t\t\t\t\t\t\t\t\t<\/li>\n\t\t\t\t\t\t\t\t<li class=\"elementor-icon-list-item\">\n\t\t\t\t\t\t\t\t\t\t\t<span class=\"elementor-icon-list-icon\">\n\t\t\t\t\t\t\t<i aria-hidden=\"true\" class=\"fas fa-check\"><\/i>\t\t\t\t\t\t<\/span>\n\t\t\t\t\t\t\t\t\t\t<span class=\"elementor-icon-list-text\">Ansprechpartner in Ihrer N\u00e4he.<\/span>\n\t\t\t\t\t\t\t\t\t<\/li>\n\t\t\t\t\t\t<\/ul>\n\t\t\t\t\t\t<\/div>\n\t\t\t\t<\/div>\n\t\t\t\t<\/div>\n\t\t<div class=\"elementor-element elementor-element-4fbb4d4 e-con-full e-flex e-con e-child\" data-id=\"4fbb4d4\" data-element_type=\"container\" data-e-type=\"container\" data-settings=\"{&quot;background_background&quot;:&quot;classic&quot;}\">\n\t\t\t\t<div class=\"elementor-element elementor-element-1fdbc33 elementor-widget elementor-widget-heading\" data-id=\"1fdbc33\" data-element_type=\"widget\" data-e-type=\"widget\" data-widget_type=\"heading.default\">\n\t\t\t\t<div class=\"elementor-widget-container\">\n\t\t\t\t\t<h1 class=\"elementor-heading-title elementor-size-default\">Formular<\/h1>\t\t\t\t<\/div>\n\t\t\t\t<\/div>\n\t\t\t\t<div class=\"elementor-element elementor-element-bef12b6 elementor-widget elementor-widget-shortcode\" data-id=\"bef12b6\" data-element_type=\"widget\" data-e-type=\"widget\" data-widget_type=\"shortcode.default\">\n\t\t\t\t<div class=\"elementor-widget-container\">\n\t\t\t\t\t\t\t<div class=\"elementor-shortcode\">\n<div class=\"wpcf7 no-js\" id=\"wpcf7-f128365-o1\" lang=\"de-DE\" dir=\"ltr\" data-wpcf7-id=\"128365\">\n<div class=\"screen-reader-response\"><p role=\"status\" aria-live=\"polite\" aria-atomic=\"true\"><\/p> <ul><\/ul><\/div>\n<form action=\"\/de\/wp-json\/wp\/v2\/pages\/128391#wpcf7-f128365-o1\" method=\"post\" class=\"wpcf7-form init\" aria-label=\"Kontaktformular\" novalidate=\"novalidate\" data-status=\"init\">\n<fieldset class=\"hidden-fields-container\"><input type=\"hidden\" name=\"_wpcf7\" value=\"128365\" \/><input type=\"hidden\" name=\"_wpcf7_version\" value=\"6.1.5\" \/><input type=\"hidden\" name=\"_wpcf7_locale\" value=\"de_DE\" \/><input type=\"hidden\" name=\"_wpcf7_unit_tag\" value=\"wpcf7-f128365-o1\" \/><input type=\"hidden\" name=\"_wpcf7_container_post\" value=\"0\" \/><input type=\"hidden\" name=\"_wpcf7_posted_data_hash\" value=\"\" \/><input type=\"hidden\" name=\"_wpcf7_recaptcha_response\" value=\"\" \/>\n<\/fieldset>\n<p><label> Vollst\u00e4ndiger Name<br \/>\n<span class=\"wpcf7-form-control-wrap\" data-name=\"nom\"><input size=\"40\" maxlength=\"400\" class=\"wpcf7-form-control wpcf7-text wpcf7-validates-as-required\" aria-required=\"true\" aria-invalid=\"false\" value=\"\" type=\"text\" name=\"nom\" \/><\/span> <\/label>\n<\/p>\n<p><label> E-Mail<br \/>\n<span class=\"wpcf7-form-control-wrap\" data-name=\"email\"><input size=\"40\" maxlength=\"400\" class=\"wpcf7-form-control wpcf7-email wpcf7-validates-as-required wpcf7-text wpcf7-validates-as-email\" aria-required=\"true\" aria-invalid=\"false\" value=\"\" type=\"email\" name=\"email\" \/><\/span> <\/label>\n<\/p>\n<p><label> Telefon<br \/>\n<span class=\"wpcf7-form-control-wrap\" data-name=\"tel\"><input size=\"40\" maxlength=\"400\" class=\"wpcf7-form-control wpcf7-tel wpcf7-validates-as-required wpcf7-text wpcf7-validates-as-tel\" aria-required=\"true\" aria-invalid=\"false\" value=\"\" type=\"tel\" name=\"tel\" \/><\/span> <\/label>\n<\/p>\n<p><label> Firma<br \/>\n<span class=\"wpcf7-form-control-wrap\" data-name=\"societe\"><input size=\"40\" maxlength=\"400\" class=\"wpcf7-form-control wpcf7-text\" aria-invalid=\"false\" value=\"\" type=\"text\" name=\"societe\" \/><\/span> <\/label>\n<\/p>\n<p><label> Nachricht<br \/>\n<span class=\"wpcf7-form-control-wrap\" data-name=\"message\"><textarea cols=\"40\" rows=\"10\" maxlength=\"2000\" class=\"wpcf7-form-control wpcf7-textarea\" aria-invalid=\"false\" name=\"message\"><\/textarea><\/span> <\/label>\n<\/p>\n<p><input class=\"wpcf7-form-control wpcf7-submit has-spinner\" type=\"submit\" value=\"Senden\" \/>\n<\/p><div class=\"wpcf7-response-output\" aria-hidden=\"true\"><\/div>\n<\/form>\n<\/div>\n<\/div>\n\t\t\t\t\t\t<\/div>\n\t\t\t\t<\/div>\n\t\t\t\t<\/div>\n\t\t\t\t<\/div>\n\t\t<div class=\"elementor-element elementor-element-c81629a e-flex e-con-boxed e-con e-parent\" data-id=\"c81629a\" data-element_type=\"container\" data-e-type=\"container\">\n\t\t\t\t\t<div class=\"e-con-inner\">\n\t\t\t\t<div class=\"elementor-element elementor-element-48931e1 elementor-widget elementor-widget-heading\" data-id=\"48931e1\" data-element_type=\"widget\" data-e-type=\"widget\" data-widget_type=\"heading.default\">\n\t\t\t\t<div class=\"elementor-widget-container\">\n\t\t\t\t\t<h1 class=\"elementor-heading-title elementor-size-default\">Partner \u2013 Standort<\/h1>\t\t\t\t<\/div>\n\t\t\t\t<\/div>\n\t\t\t\t\t<\/div>\n\t\t\t\t<\/div>\n\t\t<div class=\"elementor-element elementor-element-83898b0 e-con-full e-flex e-con e-parent\" data-id=\"83898b0\" data-element_type=\"container\" data-e-type=\"container\">\n\t\t<div class=\"elementor-element elementor-element-059115c e-con-full e-flex e-con e-child\" data-id=\"059115c\" data-element_type=\"container\" data-e-type=\"container\" data-settings=\"{&quot;background_background&quot;:&quot;classic&quot;}\">\n\t\t\t\t<div class=\"elementor-element elementor-element-7832d7d elementor-widget elementor-widget-heading\" data-id=\"7832d7d\" data-element_type=\"widget\" data-e-type=\"widget\" data-widget_type=\"heading.default\">\n\t\t\t\t<div class=\"elementor-widget-container\">\n\t\t\t\t\t<h3 class=\"elementor-heading-title elementor-size-default\">Lassen Sie uns dar\u00fcber sprechen!<\/h3>\t\t\t\t<\/div>\n\t\t\t\t<\/div>\n\t\t\t\t<div class=\"elementor-element elementor-element-3fb0969 elementor-widget elementor-widget-text-editor\" data-id=\"3fb0969\" data-element_type=\"widget\" data-e-type=\"widget\" data-widget_type=\"text-editor.default\">\n\t\t\t\t<div class=\"elementor-widget-container\">\n\t\t\t\t\t\t\t\t\t<p style=\"text-align: center;\">Kontaktieren Sie uns per E-Mail unter<br><span style=\"color: #b0976d;\"><a style=\"color: #b0976d;\" href=\"mailto:info@borinprodottiveneti.com\" target=\"_self\" rel=\"noopener\">info@borinprodottiveneti.com<\/a><br><\/span> und wir werden uns<br>gerne mit Ihnen in Verbindung setzen,<br>um gemeinsam die bestm\u00f6gliche<br>Partnerschaft zu pr\u00fcfen.<\/p>\t\t\t\t\t\t\t\t<\/div>\n\t\t\t\t<\/div>\n\t\t\t\t<\/div>\n\t\t<div class=\"elementor-element elementor-element-4634f8e e-con-full e-flex e-con e-child\" data-id=\"4634f8e\" data-element_type=\"container\" data-e-type=\"container\" data-settings=\"{&quot;background_background&quot;:&quot;classic&quot;}\">\n\t\t\t\t<div class=\"elementor-element elementor-element-d97f71a elementor-widget elementor-widget-shortcode\" data-id=\"d97f71a\" data-element_type=\"widget\" data-e-type=\"widget\" data-widget_type=\"shortcode.default\">\n\t\t\t\t<div class=\"elementor-widget-container\">\n\t\t\t\t\t\t\t<div class=\"elementor-shortcode\"><style type=\"text\/css\" id=\"umsMapStyles_1_40518\">\r\n    #ultimate_maps_1_40518 {\r\n        width: 100%;\r\n        height: 400px;\r\n                border: 0px solid ;\r\n        margin: 0px;\r\n    }\r\n    #mapsControlsNum_1_40518 {\r\n        width:100%    }\r\n    .umsMapDetailsContainer#umsMapDetailsContainer_1_40518 {\r\n        height:400px;\r\n    }\r\n    .ums_MapPreview#ultimate_maps_1_40518 {\r\n        \/*position:absolute;*\/\r\n        width:100%;\r\n    }\r\n    #mapConElem_1_40518{\r\n        width:100%    }\r\n    <\/style><div class=\"ums_map_opts\" id=\"mapConElem_1_40518\" data-id=\"1\" data-view-id=\"1_40518\" > <div class=\"umsMapDetailsContainer\" id=\"umsMapDetailsContainer_1_40518\"> <i class=\"umsKMLLayersPreloader fa fa-spinner fa-spin\" aria-hidden=\"true\" style=\"display: none;\"><\/i> <div class=\"ums_MapPreview \" id=\"ultimate_maps_1_40518\"><\/div> <\/div> <div class=\"umsMapMarkerFilters\" id=\"umsMapMarkerFilters_1_40518\"> <\/div> <div class=\"umsMapProControlsCon\" id=\"umsMapProControlsCon_1_40518\"> <a title=\"Google Maps WordPress\" style=\"display:none;\" href=\"https:\/\/supsystic.com\/plugins\/google-maps-plugin\/?utm_medium=love_link_hide\" target=\"_blank\">Google Maps WordPress<\/a><div style=\"clear: both;\"><\/div> <\/div> <div class=\"umsMapProDirectionsCon\" id=\"umsMapProDirectionsCon_1_40518\" > <\/div> <div class=\"umsMapProKmlFilterCon\" id=\"umsMapProKmlFilterCon_1_40518\" > <\/div> <div class=\"umsSocialSharingShell umsSocialSharingShell_1_40518\"> <\/div> <div style=\"clear: both;\"><\/div> <\/div><\/div>\n\t\t\t\t\t\t<\/div>\n\t\t\t\t<\/div>\n\t\t\t\t<\/div>\n\t\t\t\t<\/div>\n\t\t\t\t<\/div>\n\t\t","protected":false},"excerpt":{"rendered":"<p>Partnerwerden IHRE VORTEILE ALS PARTNER Zugang zu einer umfassenden Datenbank potenzieller Kunden in der Schweiz. M\u00f6glichkeiten zur Kundenbindung und zur Gewinnung von Neukunden. Garantie f\u00fcr einen effizienten Partner- und Kundenservice. Ansprechpartner in Ihrer N\u00e4he. Formular Partner \u2013 Standort Lassen Sie uns dar\u00fcber sprechen! Kontaktieren Sie uns per E-Mail unterinfo@borinprodottiveneti.com und wir werden unsgerne mit Ihnen&#8230;<\/p>\n","protected":false},"author":1,"featured_media":0,"parent":0,"menu_order":0,"comment_status":"closed","ping_status":"closed","template":"elementor_header_footer","meta":{"_tbt_post_transparent":"","_tbt_post_title":"","_tbt_post_layout":"","_tbt_post_sidebar_id":"","_tbt_post_content_style":"","_tbt_post_vertical_padding":"","_tbt_post_feature":"","_tbt_post_feature_position":"","_tbt_post_header":false,"_tbt_post_footer":false,"footnotes":""},"class_list":["post-128391","page","type-page","status-publish","hentry"],"yoast_head":"<!-- This site is optimized with the Yoast SEO plugin v26.9 - https:\/\/yoast.com\/product\/yoast-seo-wordpress\/ -->\n<title>Partner - Borin Prodotti Veneti<\/title>\n<meta name=\"description\" content=\"Werden Sie Partner und profitieren Sie von exklusiven Vorteilen, darunter der Zugang zu einer umfassenden Datenbank potenzieller Kunden in der Schweiz.\" \/>\n<meta name=\"robots\" content=\"index, follow, max-snippet:-1, max-image-preview:large, max-video-preview:-1\" \/>\n<link rel=\"canonical\" href=\"https:\/\/www.borinprodottiveneti.com\/de\/partner\/\" \/>\n<meta property=\"og:locale\" content=\"de_DE\" \/>\n<meta property=\"og:type\" content=\"article\" \/>\n<meta property=\"og:title\" content=\"Partner - Borin Prodotti Veneti\" \/>\n<meta property=\"og:description\" content=\"Werden Sie Partner und profitieren Sie von exklusiven Vorteilen, darunter der Zugang zu einer umfassenden Datenbank potenzieller Kunden in der Schweiz.\" \/>\n<meta property=\"og:url\" content=\"https:\/\/www.borinprodottiveneti.com\/de\/partner\/\" \/>\n<meta property=\"og:site_name\" content=\"Borin Prodotti Veneti\" \/>\n<meta property=\"article:publisher\" content=\"https:\/\/www.facebook.com\/BorinProdottiVeneti\/\" \/>\n<meta property=\"article:modified_time\" content=\"2026-02-16T11:22:04+00:00\" \/>\n<meta property=\"og:image\" content=\"https:\/\/www.borinprodottiveneti.com\/wp-content\/uploads\/2024\/02\/SEO_Borin-img.jpg\" \/>\n\t<meta property=\"og:image:width\" content=\"1200\" \/>\n\t<meta property=\"og:image:height\" content=\"675\" \/>\n\t<meta property=\"og:image:type\" content=\"image\/jpeg\" \/>\n<meta name=\"twitter:card\" content=\"summary_large_image\" \/>\n<script type=\"application\/ld+json\" class=\"yoast-schema-graph\">{\"@context\":\"https:\/\/schema.org\",\"@graph\":[{\"@type\":\"WebPage\",\"@id\":\"https:\/\/www.borinprodottiveneti.com\/de\/partner\/\",\"url\":\"https:\/\/www.borinprodottiveneti.com\/de\/partner\/\",\"name\":\"Partner - Borin Prodotti Veneti\",\"isPartOf\":{\"@id\":\"https:\/\/www.borinprodottiveneti.com\/de\/#website\"},\"datePublished\":\"2023-10-10T17:14:03+00:00\",\"dateModified\":\"2026-02-16T11:22:04+00:00\",\"description\":\"Werden Sie Partner und profitieren Sie von exklusiven Vorteilen, darunter der Zugang zu einer umfassenden Datenbank potenzieller Kunden in der Schweiz.\",\"breadcrumb\":{\"@id\":\"https:\/\/www.borinprodottiveneti.com\/de\/partner\/#breadcrumb\"},\"inLanguage\":\"de\",\"potentialAction\":[{\"@type\":\"ReadAction\",\"target\":[\"https:\/\/www.borinprodottiveneti.com\/de\/partner\/\"]}]},{\"@type\":\"BreadcrumbList\",\"@id\":\"https:\/\/www.borinprodottiveneti.com\/de\/partner\/#breadcrumb\",\"itemListElement\":[{\"@type\":\"ListItem\",\"position\":1,\"name\":\"Startseite\",\"item\":\"https:\/\/www.borinprodottiveneti.com\/de\/home\/\"},{\"@type\":\"ListItem\",\"position\":2,\"name\":\"Partner\"}]},{\"@type\":\"WebSite\",\"@id\":\"https:\/\/www.borinprodottiveneti.com\/de\/#website\",\"url\":\"https:\/\/www.borinprodottiveneti.com\/de\/\",\"name\":\"Borin Prodotti Veneti\",\"description\":\"\",\"publisher\":{\"@id\":\"https:\/\/www.borinprodottiveneti.com\/de\/#organization\"},\"potentialAction\":[{\"@type\":\"SearchAction\",\"target\":{\"@type\":\"EntryPoint\",\"urlTemplate\":\"https:\/\/www.borinprodottiveneti.com\/de\/?s={search_term_string}\"},\"query-input\":{\"@type\":\"PropertyValueSpecification\",\"valueRequired\":true,\"valueName\":\"search_term_string\"}}],\"inLanguage\":\"de\"},{\"@type\":\"Organization\",\"@id\":\"https:\/\/www.borinprodottiveneti.com\/de\/#organization\",\"name\":\"Borin Prodotti Veneti\",\"url\":\"https:\/\/www.borinprodottiveneti.com\/de\/\",\"logo\":{\"@type\":\"ImageObject\",\"inLanguage\":\"de\",\"@id\":\"https:\/\/www.borinprodottiveneti.com\/de\/#\/schema\/logo\/image\/\",\"url\":\"https:\/\/www.borinprodottiveneti.com\/wp-content\/uploads\/2024\/01\/logo_borin-Invert.png\",\"contentUrl\":\"https:\/\/www.borinprodottiveneti.com\/wp-content\/uploads\/2024\/01\/logo_borin-Invert.png\",\"width\":400,\"height\":177,\"caption\":\"Borin Prodotti Veneti\"},\"image\":{\"@id\":\"https:\/\/www.borinprodottiveneti.com\/de\/#\/schema\/logo\/image\/\"},\"sameAs\":[\"https:\/\/www.facebook.com\/BorinProdottiVeneti\/\",\"https:\/\/www.instagram.com\/borin.prodotti_veneti\/\",\"https:\/\/www.linkedin.com\/company\/borin-prodotti-veneti\/\"]}]}<\/script>\n<!-- \/ Yoast SEO plugin. -->","yoast_head_json":{"title":"Partner - Borin Prodotti Veneti","description":"Werden Sie Partner und profitieren Sie von exklusiven Vorteilen, darunter der Zugang zu einer umfassenden Datenbank potenzieller Kunden in der Schweiz.","robots":{"index":"index","follow":"follow","max-snippet":"max-snippet:-1","max-image-preview":"max-image-preview:large","max-video-preview":"max-video-preview:-1"},"canonical":"https:\/\/www.borinprodottiveneti.com\/de\/partner\/","og_locale":"de_DE","og_type":"article","og_title":"Partner - Borin Prodotti Veneti","og_description":"Werden Sie Partner und profitieren Sie von exklusiven Vorteilen, darunter der Zugang zu einer umfassenden Datenbank potenzieller Kunden in der Schweiz.","og_url":"https:\/\/www.borinprodottiveneti.com\/de\/partner\/","og_site_name":"Borin Prodotti Veneti","article_publisher":"https:\/\/www.facebook.com\/BorinProdottiVeneti\/","article_modified_time":"2026-02-16T11:22:04+00:00","og_image":[{"width":1200,"height":675,"url":"https:\/\/www.borinprodottiveneti.com\/wp-content\/uploads\/2024\/02\/SEO_Borin-img.jpg","type":"image\/jpeg"}],"twitter_card":"summary_large_image","schema":{"@context":"https:\/\/schema.org","@graph":[{"@type":"WebPage","@id":"https:\/\/www.borinprodottiveneti.com\/de\/partner\/","url":"https:\/\/www.borinprodottiveneti.com\/de\/partner\/","name":"Partner - Borin Prodotti Veneti","isPartOf":{"@id":"https:\/\/www.borinprodottiveneti.com\/de\/#website"},"datePublished":"2023-10-10T17:14:03+00:00","dateModified":"2026-02-16T11:22:04+00:00","description":"Werden Sie Partner und profitieren Sie von exklusiven Vorteilen, darunter der Zugang zu einer umfassenden Datenbank potenzieller Kunden in der Schweiz.","breadcrumb":{"@id":"https:\/\/www.borinprodottiveneti.com\/de\/partner\/#breadcrumb"},"inLanguage":"de","potentialAction":[{"@type":"ReadAction","target":["https:\/\/www.borinprodottiveneti.com\/de\/partner\/"]}]},{"@type":"BreadcrumbList","@id":"https:\/\/www.borinprodottiveneti.com\/de\/partner\/#breadcrumb","itemListElement":[{"@type":"ListItem","position":1,"name":"Startseite","item":"https:\/\/www.borinprodottiveneti.com\/de\/home\/"},{"@type":"ListItem","position":2,"name":"Partner"}]},{"@type":"WebSite","@id":"https:\/\/www.borinprodottiveneti.com\/de\/#website","url":"https:\/\/www.borinprodottiveneti.com\/de\/","name":"Borin Prodotti Veneti","description":"","publisher":{"@id":"https:\/\/www.borinprodottiveneti.com\/de\/#organization"},"potentialAction":[{"@type":"SearchAction","target":{"@type":"EntryPoint","urlTemplate":"https:\/\/www.borinprodottiveneti.com\/de\/?s={search_term_string}"},"query-input":{"@type":"PropertyValueSpecification","valueRequired":true,"valueName":"search_term_string"}}],"inLanguage":"de"},{"@type":"Organization","@id":"https:\/\/www.borinprodottiveneti.com\/de\/#organization","name":"Borin Prodotti Veneti","url":"https:\/\/www.borinprodottiveneti.com\/de\/","logo":{"@type":"ImageObject","inLanguage":"de","@id":"https:\/\/www.borinprodottiveneti.com\/de\/#\/schema\/logo\/image\/","url":"https:\/\/www.borinprodottiveneti.com\/wp-content\/uploads\/2024\/01\/logo_borin-Invert.png","contentUrl":"https:\/\/www.borinprodottiveneti.com\/wp-content\/uploads\/2024\/01\/logo_borin-Invert.png","width":400,"height":177,"caption":"Borin Prodotti Veneti"},"image":{"@id":"https:\/\/www.borinprodottiveneti.com\/de\/#\/schema\/logo\/image\/"},"sameAs":["https:\/\/www.facebook.com\/BorinProdottiVeneti\/","https:\/\/www.instagram.com\/borin.prodotti_veneti\/","https:\/\/www.linkedin.com\/company\/borin-prodotti-veneti\/"]}]}},"jetpack_sharing_enabled":true,"_links":{"self":[{"href":"https:\/\/www.borinprodottiveneti.com\/de\/wp-json\/wp\/v2\/pages\/128391","targetHints":{"allow":["GET"]}}],"collection":[{"href":"https:\/\/www.borinprodottiveneti.com\/de\/wp-json\/wp\/v2\/pages"}],"about":[{"href":"https:\/\/www.borinprodottiveneti.com\/de\/wp-json\/wp\/v2\/types\/page"}],"author":[{"embeddable":true,"href":"https:\/\/www.borinprodottiveneti.com\/de\/wp-json\/wp\/v2\/users\/1"}],"replies":[{"embeddable":true,"href":"https:\/\/www.borinprodottiveneti.com\/de\/wp-json\/wp\/v2\/comments?post=128391"}],"version-history":[{"count":1,"href":"https:\/\/www.borinprodottiveneti.com\/de\/wp-json\/wp\/v2\/pages\/128391\/revisions"}],"predecessor-version":[{"id":128394,"href":"https:\/\/www.borinprodottiveneti.com\/de\/wp-json\/wp\/v2\/pages\/128391\/revisions\/128394"}],"wp:attachment":[{"href":"https:\/\/www.borinprodottiveneti.com\/de\/wp-json\/wp\/v2\/media?parent=128391"}],"curies":[{"name":"wp","href":"https:\/\/api.w.org\/{rel}","templated":true}]}}